{"id":1016,"date":"2022-02-26T19:24:55","date_gmt":"2022-02-26T18:24:55","guid":{"rendered":"http:\/\/www.ld-velikelasce.si\/?page_id=1016"},"modified":"2022-02-27T19:36:07","modified_gmt":"2022-02-27T18:36:07","slug":"biotehnicna-dela-v-loviscu","status":"publish","type":"page","link":"http:\/\/www.ld-velikelasce.si\/?page_id=1016","title":{"rendered":"Biotehni\u010dna dela v lovi\u0161\u010du"},"content":{"rendered":"<p><a href=\"http:\/\/www.ld-velikelasce.si\/wp-content\/uploads\/2022\/02\/WP_000267.jpg\"><img loading=\"lazy\" decoding=\"async\" class=\"aligncenter size-large wp-image-1041\" src=\"http:\/\/www.ld-velikelasce.si\/wp-content\/uploads\/2022\/02\/WP_000267-768x1024.jpg\" alt=\"WP_000267\" width=\"660\" height=\"880\" srcset=\"http:\/\/www.ld-velikelasce.si\/wp-content\/uploads\/2022\/02\/WP_000267-768x1024.jpg 768w, http:\/\/www.ld-velikelasce.si\/wp-content\/uploads\/2022\/02\/WP_000267-225x300.jpg 225w, http:\/\/www.ld-velikelasce.si\/wp-content\/uploads\/2022\/02\/WP_000267-619x825.jpg 619w, http:\/\/www.ld-velikelasce.si\/wp-content\/uploads\/2022\/02\/WP_000267.jpg 1944w\" sizes=\"(max-width: 660px) 100vw, 660px\" \/><\/a><a href=\"http:\/\/www.ld-velikelasce.si\/wp-content\/uploads\/2022\/02\/WP_000267.jpg\"><br \/>\n<\/a><a href=\"http:\/\/www.ld-velikelasce.si\/wp-content\/uploads\/2022\/02\/WP_000267.jpg\"><br \/>\n<\/a><\/p>\n<p><strong>Tabela: Opravljene delovne ure v lovi\u0161\u010du<\/strong><\/p>\n<table width=\"236\">\n<tbody>\n<tr>\n<td width=\"128\"><strong>\u00a0Leto<\/strong><\/td>\n<td width=\"108\"><strong>Realizirane ure <\/strong><\/td>\n<\/tr>\n<tr>\n<td width=\"128\">Leto 2017<\/td>\n<td width=\"108\">1955<\/td>\n<\/tr>\n<tr>\n<td width=\"128\">Leto 2018<\/td>\n<td width=\"108\">2200<\/td>\n<\/tr>\n<tr>\n<td width=\"128\">Leto 2019<\/td>\n<td width=\"108\">2001<\/td>\n<\/tr>\n<tr>\n<td width=\"128\">Leto 2020<\/td>\n<td width=\"108\">1650<\/td>\n<\/tr>\n<tr>\n<td width=\"128\">Leto 2021<\/td>\n<td width=\"108\">1314<\/td>\n<\/tr>\n<\/tbody>\n<\/table>\n<p>Vir: Lisjak<\/p>\n<p><strong>Opomba: delo na lovskih ko\u010dah, bivakih in ostalih objektih ovrednoteno z 290 ur.<\/strong><\/p>\n<p><a href=\"http:\/\/www.ld-velikelasce.si\/wp-content\/uploads\/2022\/02\/Grafiko_opravljene-ure.png\"><img loading=\"lazy\" decoding=\"async\" class=\"aligncenter size-full wp-image-1017\" src=\"http:\/\/www.ld-velikelasce.si\/wp-content\/uploads\/2022\/02\/Grafiko_opravljene-ure.png\" alt=\"Grafiko_opravljene ure\" width=\"752\" height=\"452\" srcset=\"http:\/\/www.ld-velikelasce.si\/wp-content\/uploads\/2022\/02\/Grafiko_opravljene-ure.png 752w, http:\/\/www.ld-velikelasce.si\/wp-content\/uploads\/2022\/02\/Grafiko_opravljene-ure-300x180.png 300w, http:\/\/www.ld-velikelasce.si\/wp-content\/uploads\/2022\/02\/Grafiko_opravljene-ure-619x372.png 619w\" sizes=\"(max-width: 752px) 100vw, 752px\" \/><\/a><\/p>\n<p style=\"text-align: center;\"><strong>Tabela: Opravljene delovne ure v lovi\u0161\u010du<\/strong><\/p>\n<p><strong>LEGENDA: Opravljene delovne ure zajema delo opravljeno v zvezi z:<\/strong><\/p>\n<table width=\"640\">\n<tbody>\n<tr>\n<td width=\"274\"><strong>UKREPI<\/strong><\/td>\n<td width=\"366\"><strong>AKTIVNOST<\/strong><\/td>\n<\/tr>\n<tr>\n<td width=\"274\"><strong>I\/a: ukrepi za varstvo in monitoring divjadi<\/strong><\/td>\n<td width=\"366\">mala divjad, velika divjad<\/td>\n<\/tr>\n<tr>\n<td width=\"274\"><strong>I\/b: biomeliorativni ukrepi<\/strong><\/td>\n<td width=\"366\">ro\u010dna ko\u0161nja, strojna ko\u0161nja, spravilo sena, priprava pasi\u0161\u010d, gnojenje travnikov, vzdr\u017eevanje grmi\u0161\u010d, vzdr\u017eevanje remiz, vzdr\u017eevanje gozdni rob, vzdr\u017eevanje plodonosnega drevja, izdelava in vzdr\u017eevanje kalu\u017e, izdelava in vzdr\u017eevanje ve\u010djega vodnega vira, postavitev in vzdr\u017eevanje gnezdnic,<\/td>\n<\/tr>\n<tr>\n<td width=\"274\"><strong>I\/c: biotehni\u0161ki ukrepi<\/strong><\/td>\n<td width=\"366\">zimsko krmljenje divjadi, prepre\u010devalno krmljenje divjadi, privabljalno krmljenje, krmne njive, pridelovalne njive, za\u0161\u010dita s tehni\u010dnimi in kemi\u010dnimi sredstvi<\/td>\n<\/tr>\n<tr>\n<td width=\"274\"><strong>I\/d: lovski objekti (obnova in novogradnja)<\/strong><\/td>\n<td width=\"366\">lovske pre\u017ee, krmi\u0161\u010de, solnice, lovske steze<\/td>\n<\/tr>\n<tr>\n<td width=\"274\"><strong>V delo na lovskih ko\u010dah, bivakih in ostalih objektih<\/strong><\/td>\n<td width=\"366\"><\/td>\n<\/tr>\n<\/tbody>\n<\/table>\n<p>&nbsp;<\/p>\n","protected":false},"excerpt":{"rendered":"<p>Tabela: Opravljene delovne ure v lovi\u0161\u010du \u00a0Leto Realizirane ure Leto 2017 1955 Leto 2018 2200 Leto 2019 2001 Leto 2020 1650 Leto 2021 1314 Vir: Lisjak Opomba: delo na lovskih ko\u010dah, bivakih in ostalih objektih ovrednoteno z 290 ur. Tabela: Opravljene delovne ure v lovi\u0161\u010du LEGENDA: Opravljene delovne ure zajema delo opravljeno v zvezi z: [&hellip;]<\/p>\n","protected":false},"author":1,"featured_media":0,"parent":0,"menu_order":0,"comment_status":"closed","ping_status":"closed","template":"","meta":{"footnotes":""},"_links":{"self":[{"href":"http:\/\/www.ld-velikelasce.si\/index.php?rest_route=\/wp\/v2\/pages\/1016"}],"collection":[{"href":"http:\/\/www.ld-velikelasce.si\/index.php?rest_route=\/wp\/v2\/pages"}],"about":[{"href":"http:\/\/www.ld-velikelasce.si\/index.php?rest_route=\/wp\/v2\/types\/page"}],"author":[{"embeddable":true,"href":"http:\/\/www.ld-velikelasce.si\/index.php?rest_route=\/wp\/v2\/users\/1"}],"replies":[{"embeddable":true,"href":"http:\/\/www.ld-velikelasce.si\/index.php?rest_route=%2Fwp%2Fv2%2Fcomments&post=1016"}],"version-history":[{"count":7,"href":"http:\/\/www.ld-velikelasce.si\/index.php?rest_route=\/wp\/v2\/pages\/1016\/revisions"}],"predecessor-version":[{"id":1046,"href":"http:\/\/www.ld-velikelasce.si\/index.php?rest_route=\/wp\/v2\/pages\/1016\/revisions\/1046"}],"wp:attachment":[{"href":"http:\/\/www.ld-velikelasce.si\/index.php?rest_route=%2Fwp%2Fv2%2Fmedia&parent=1016"}],"curies":[{"name":"wp","href":"https:\/\/api.w.org\/{rel}","templated":true}]}}