{"id":1022,"date":"2022-02-26T19:35:24","date_gmt":"2022-02-26T18:35:24","guid":{"rendered":"http:\/\/www.ld-velikelasce.si\/?page_id=1022"},"modified":"2022-02-28T08:08:09","modified_gmt":"2022-02-28T07:08:09","slug":"zgodovinski-prikaz","status":"publish","type":"page","link":"http:\/\/www.ld-velikelasce.si\/?page_id=1022","title":{"rendered":"Zgodovinski prikaz"},"content":{"rendered":"<h4>Izvle\u010dki za LD Velike La\u0161\u010de iz zbornikov:<\/h4>\n<ul>\n<li><strong>25 let Lovska zveza Ko\u010devje:<\/strong><\/li>\n<\/ul>\n<p><strong><a href=\"http:\/\/www.ld-velikelasce.si\/wp-content\/uploads\/2022\/02\/25-let-Lovske-zveze-Ko\u010devje.pdf\" target=\"_blank\">Lovska zveza Ko\u010devje 1945-1970<\/a><\/strong><\/p>\n<p><a href=\"http:\/\/www.ld-velikelasce.si\/wp-content\/uploads\/2022\/02\/25-let-Lovske-zveze-Ko\u010devje.pdf\" target=\"_blank\"><img loading=\"lazy\" decoding=\"async\" class=\"alignleft size-medium wp-image-1053\" src=\"http:\/\/www.ld-velikelasce.si\/wp-content\/uploads\/2022\/02\/LD-Ko\u010devje_25let-209x300.png\" alt=\"LD Ko\u010devje_25let\" width=\"209\" height=\"300\" srcset=\"http:\/\/www.ld-velikelasce.si\/wp-content\/uploads\/2022\/02\/LD-Ko\u010devje_25let-209x300.png 209w, http:\/\/www.ld-velikelasce.si\/wp-content\/uploads\/2022\/02\/LD-Ko\u010devje_25let.png 516w\" sizes=\"(max-width: 209px) 100vw, 209px\" \/><\/a><\/p>\n<p>&nbsp;<\/p>\n<p>&nbsp;<\/p>\n<p>&nbsp;<\/p>\n<p>&nbsp;<\/p>\n<p>&nbsp;<\/p>\n<p>&nbsp;<\/p>\n<p>&nbsp;<\/p>\n<p>&nbsp;<\/p>\n<ul>\n<li><strong>Ob 60 letnici Zveze lovskih dru\u017ein Ko\u010devje:\u00a0<\/strong><\/li>\n<\/ul>\n<p><strong><a href=\"http:\/\/www.ld-velikelasce.si\/wp-content\/uploads\/2022\/02\/Na\u0161ih-60-let.pdf\">Na\u0161ih 60 let<\/a><\/strong><\/p>\n<p><a href=\"http:\/\/www.ld-velikelasce.si\/wp-content\/uploads\/2022\/02\/Na\u0161ih-60-let.pdf\" target=\"_blank\"><img loading=\"lazy\" decoding=\"async\" class=\"alignleft size-medium wp-image-1055\" src=\"http:\/\/www.ld-velikelasce.si\/wp-content\/uploads\/2022\/02\/Na\u0161ih-60let-207x300.png\" alt=\"Na\u0161ih 60let\" width=\"207\" height=\"300\" srcset=\"http:\/\/www.ld-velikelasce.si\/wp-content\/uploads\/2022\/02\/Na\u0161ih-60let-207x300.png 207w, http:\/\/www.ld-velikelasce.si\/wp-content\/uploads\/2022\/02\/Na\u0161ih-60let.png 600w\" sizes=\"(max-width: 207px) 100vw, 207px\" \/><\/a><\/p>\n","protected":false},"excerpt":{"rendered":"<p>Izvle\u010dki za LD Velike La\u0161\u010de iz zbornikov: 25 let Lovska zveza Ko\u010devje: Lovska zveza Ko\u010devje 1945-1970 &nbsp; &nbsp; &nbsp; &nbsp; &nbsp; &nbsp; &nbsp; &nbsp; Ob 60 letnici Zveze lovskih dru\u017ein Ko\u010devje:\u00a0 Na\u0161ih 60 let<\/p>\n","protected":false},"author":1,"featured_media":0,"parent":0,"menu_order":0,"comment_status":"closed","ping_status":"closed","template":"","meta":{"footnotes":""},"_links":{"self":[{"href":"http:\/\/www.ld-velikelasce.si\/index.php?rest_route=\/wp\/v2\/pages\/1022"}],"collection":[{"href":"http:\/\/www.ld-velikelasce.si\/index.php?rest_route=\/wp\/v2\/pages"}],"about":[{"href":"http:\/\/www.ld-velikelasce.si\/index.php?rest_route=\/wp\/v2\/types\/page"}],"author":[{"embeddable":true,"href":"http:\/\/www.ld-velikelasce.si\/index.php?rest_route=\/wp\/v2\/users\/1"}],"replies":[{"embeddable":true,"href":"http:\/\/www.ld-velikelasce.si\/index.php?rest_route=%2Fwp%2Fv2%2Fcomments&post=1022"}],"version-history":[{"count":4,"href":"http:\/\/www.ld-velikelasce.si\/index.php?rest_route=\/wp\/v2\/pages\/1022\/revisions"}],"predecessor-version":[{"id":1056,"href":"http:\/\/www.ld-velikelasce.si\/index.php?rest_route=\/wp\/v2\/pages\/1022\/revisions\/1056"}],"wp:attachment":[{"href":"http:\/\/www.ld-velikelasce.si\/index.php?rest_route=%2Fwp%2Fv2%2Fmedia&parent=1022"}],"curies":[{"name":"wp","href":"https:\/\/api.w.org\/{rel}","templated":true}]}}