{"id":130,"date":"2014-09-02T19:46:40","date_gmt":"2014-09-02T17:46:40","guid":{"rendered":"http:\/\/www.ld-velikelasce.si\/?page_id=130"},"modified":"2015-07-07T09:32:54","modified_gmt":"2015-07-07T07:32:54","slug":"lovisce-velike-lasce","status":"publish","type":"page","link":"http:\/\/www.ld-velikelasce.si\/?page_id=130","title":{"rendered":"LOVI\u0160\u010cE VELIKE LA\u0160\u010cE"},"content":{"rendered":"<p>Lovi\u0161\u010de Velike La\u0161\u010de predstavlja tipi\u010dno sredogorsko lovi\u0161\u010de. Pribli\u017eno 20% lovi\u0161\u010da se nahaja na nadmorski vi\u0161ini okoli 500 m, preostali del lovi\u0161\u010da pa je nad 600 m nadmorske vi\u0161ine. Najvi\u0161ja to\u010dka lovi\u0161\u010da je Grmada z 887 m. Povr\u0161ina lovi\u0161\u010da zna\u0161a 5.664 ha, od tega obsega lovna povr\u0161ina 5.434 ha. Meji na lovi\u0161\u010da Turjak, Dobrepolje, Velike Poljane, Sodra\u017eica, Nova vas ter Mokrc.<\/p>\n<div id=\"attachment_438\" style=\"width: 670px\" class=\"wp-caption alignright\"><a href=\"http:\/\/www.ld-velikelasce.si\/wp-content\/uploads\/2014\/09\/WP_20150104_003.jpg\"><img loading=\"lazy\" decoding=\"async\" aria-describedby=\"caption-attachment-438\" class=\"wp-image-438 size-large\" src=\"http:\/\/www.ld-velikelasce.si\/wp-content\/uploads\/2014\/09\/WP_20150104_003-1024x576.jpg\" alt=\"WP_20150104_003\" width=\"660\" height=\"371\" srcset=\"http:\/\/www.ld-velikelasce.si\/wp-content\/uploads\/2014\/09\/WP_20150104_003-1024x576.jpg 1024w, http:\/\/www.ld-velikelasce.si\/wp-content\/uploads\/2014\/09\/WP_20150104_003-300x168.jpg 300w, http:\/\/www.ld-velikelasce.si\/wp-content\/uploads\/2014\/09\/WP_20150104_003-619x348.jpg 619w\" sizes=\"(max-width: 660px) 100vw, 660px\" \/><\/a><p id=\"caption-attachment-438\" class=\"wp-caption-text\">Pugled (850 mnv)<\/p><\/div>\n<div id=\"attachment_831\" style=\"width: 310px\" class=\"wp-caption alignright\"><img loading=\"lazy\" decoding=\"async\" aria-describedby=\"caption-attachment-831\" class=\"wp-image-831 size-medium\" src=\"http:\/\/www.ld-velikelasce.si\/wp-content\/uploads\/2014\/09\/WP_20140509_20_23_32_Pro-2-300x151.jpg\" alt=\"WP_20140509_20_23_32_Pro (2)\" width=\"300\" height=\"151\" srcset=\"http:\/\/www.ld-velikelasce.si\/wp-content\/uploads\/2014\/09\/WP_20140509_20_23_32_Pro-2-300x151.jpg 300w, http:\/\/www.ld-velikelasce.si\/wp-content\/uploads\/2014\/09\/WP_20140509_20_23_32_Pro-2-1024x516.jpg 1024w, http:\/\/www.ld-velikelasce.si\/wp-content\/uploads\/2014\/09\/WP_20140509_20_23_32_Pro-2-619x312.jpg 619w\" sizes=\"(max-width: 300px) 100vw, 300px\" \/><p id=\"caption-attachment-831\" class=\"wp-caption-text\">Pugle\u0161ki laz<\/p><\/div>\n<p>Lovi\u0161\u010de spada v Ko\u010devsko &#8211; Belokranjsko lovsko upravljalsko obmo\u010dje. Obmo\u010dje je poznano po dobri ohranjenosti naravnega okolja, v katerem prevladujejo gozdovi ter po\u00a0 prisotnosti velikih zveri. V lovi\u0161\u010du Velike La\u0161\u010de je gozdnatost okvirno 62%, prete\u017eno bukovih in jelovo-bukovih gozdov. Z izjemo posameznih ve\u010djih gozdnih predelov prevladuje prepletanje gozdnih zaplat, kmetijske krajine, zaselkov in vasi. Konfiguracija je tako izredno pestra in razgibana, od ravnic, gri\u010dev, hribov do dolin, jarkov in vrta\u010d. Prepletanje njiv, sadovnjakov, travnikov, gozdov in gozdnih jas je sicer zelo ugodno za srnjad, manj primerno pa za jelenjad. V lovi\u0161\u010du je povpre\u010dna ve\u010dletna zra\u010dna temperatura 9 stopinj C, povpre\u010dna dnevna temperatura pa od -3 stopinje C (zimski meseci) do + 19 stopinj C (poletni meseci). Sne\u017ena oddeja pokriva lovi\u0161\u010de v povpre\u010dju 55 dni na leto.<\/p>\n<p>Kot drugod po Sloveniji, je tudi v Velikih La\u0161\u010dah izrazito zara\u0161\u010danje neobdelovanih povr\u0161in. Pove\u010devanje gozdnih in isto\u010dasno zmanj\u0161evanje obdelovalnih povr\u0161in povzro\u010da izginjanje kulturne krajine in isto\u010dasno zmanj\u0161uje pestrost naravnih prehranskih zmo\u017enosti prosto\u017eive\u010dih \u017eivalskih vrst.<\/p>\n<div id=\"attachment_441\" style=\"width: 310px\" class=\"wp-caption alignright\"><a href=\"http:\/\/www.ld-velikelasce.si\/wp-content\/uploads\/2014\/09\/P4140056.jpg\"><img loading=\"lazy\" decoding=\"async\" aria-describedby=\"caption-attachment-441\" class=\"wp-image-441 size-medium\" src=\"http:\/\/www.ld-velikelasce.si\/wp-content\/uploads\/2014\/09\/P4140056-300x224.jpg\" alt=\"IF\" width=\"300\" height=\"224\" srcset=\"http:\/\/www.ld-velikelasce.si\/wp-content\/uploads\/2014\/09\/P4140056-300x224.jpg 300w, http:\/\/www.ld-velikelasce.si\/wp-content\/uploads\/2014\/09\/P4140056-1024x767.jpg 1024w, http:\/\/www.ld-velikelasce.si\/wp-content\/uploads\/2014\/09\/P4140056-619x464.jpg 619w, http:\/\/www.ld-velikelasce.si\/wp-content\/uploads\/2014\/09\/P4140056.jpg 1286w\" sizes=\"(max-width: 300px) 100vw, 300px\" \/><\/a><p id=\"caption-attachment-441\" class=\"wp-caption-text\">Jazbina<\/p><\/div>\n<p>Lovi\u0161\u010de je razdeljeno na 6 revirjev: Hribi, La\u0161ki gozd, Kakave, Kali\u0161\u010de, Karlovica in Slemena.<\/p>\n","protected":false},"excerpt":{"rendered":"<p>Lovi\u0161\u010de Velike La\u0161\u010de predstavlja tipi\u010dno sredogorsko lovi\u0161\u010de. Pribli\u017eno 20% lovi\u0161\u010da se nahaja na nadmorski vi\u0161ini okoli 500 m, preostali del lovi\u0161\u010da pa je nad 600 m nadmorske vi\u0161ine. Najvi\u0161ja to\u010dka lovi\u0161\u010da je Grmada z 887 m. Povr\u0161ina lovi\u0161\u010da zna\u0161a 5.664 ha, od tega obsega lovna povr\u0161ina 5.434 ha. Meji na lovi\u0161\u010da Turjak, Dobrepolje, Velike Poljane, [&hellip;]<\/p>\n","protected":false},"author":1,"featured_media":0,"parent":0,"menu_order":2,"comment_status":"closed","ping_status":"closed","template":"","meta":{"footnotes":""},"_links":{"self":[{"href":"http:\/\/www.ld-velikelasce.si\/index.php?rest_route=\/wp\/v2\/pages\/130"}],"collection":[{"href":"http:\/\/www.ld-velikelasce.si\/index.php?rest_route=\/wp\/v2\/pages"}],"about":[{"href":"http:\/\/www.ld-velikelasce.si\/index.php?rest_route=\/wp\/v2\/types\/page"}],"author":[{"embeddable":true,"href":"http:\/\/www.ld-velikelasce.si\/index.php?rest_route=\/wp\/v2\/users\/1"}],"replies":[{"embeddable":true,"href":"http:\/\/www.ld-velikelasce.si\/index.php?rest_route=%2Fwp%2Fv2%2Fcomments&post=130"}],"version-history":[{"count":32,"href":"http:\/\/www.ld-velikelasce.si\/index.php?rest_route=\/wp\/v2\/pages\/130\/revisions"}],"predecessor-version":[{"id":834,"href":"http:\/\/www.ld-velikelasce.si\/index.php?rest_route=\/wp\/v2\/pages\/130\/revisions\/834"}],"wp:attachment":[{"href":"http:\/\/www.ld-velikelasce.si\/index.php?rest_route=%2Fwp%2Fv2%2Fmedia&parent=130"}],"curies":[{"name":"wp","href":"https:\/\/api.w.org\/{rel}","templated":true}]}}