{"id":134,"date":"2014-09-02T19:46:58","date_gmt":"2014-09-02T17:46:58","guid":{"rendered":"http:\/\/www.ld-velikelasce.si\/?page_id=134"},"modified":"2015-02-12T13:48:44","modified_gmt":"2015-02-12T12:48:44","slug":"zavarovane-vrste-2","status":"publish","type":"page","link":"http:\/\/www.ld-velikelasce.si\/?page_id=134","title":{"rendered":"ZAVAROVANE VRSTE"},"content":{"rendered":"<p>Od zavarovanih prosto\u017eive\u010dih \u017eivalskih vrst je na obmo\u010dju lovi\u0161\u010da Velike La\u0161\u010de najpogostej\u0161i rjavi medved, ob\u010dasno na\u0161e lovi\u0161\u010de pre\u010dkajo posamezni volkovi.<\/p>\n<p>V ve\u010d revirjih je stalno prisotna divja ma\u010dka, na ni\u017ejih predelih lovi\u0161\u010da ob vodotokih (Mi\u0161ja dolina) je prisotna tudi vidra.<\/p>\n<p>V lovi\u0161\u010du so pogoste ujede (kanja, kragulj, sokol selec) ter krokar iz dru\u017eine ptic pevk. Redno gnezdita tudi dva para \u010drnih \u0161torkelj. \u017dal iz lovi\u0161\u010da izginjajo vrste gozdnih kur (jereb in divji petelin). Sodobno kmetijstvo in gozdarstvo je zdesetkalo tudi divjo grlico, kosca, postovko, sove in goloba duplarja.<\/p>\n<p>&nbsp;<\/p>\n<p>&nbsp;<\/p>\n","protected":false},"excerpt":{"rendered":"<p>Od zavarovanih prosto\u017eive\u010dih \u017eivalskih vrst je na obmo\u010dju lovi\u0161\u010da Velike La\u0161\u010de najpogostej\u0161i rjavi medved, ob\u010dasno na\u0161e lovi\u0161\u010de pre\u010dkajo posamezni volkovi. V ve\u010d revirjih je stalno prisotna divja ma\u010dka, na ni\u017ejih predelih lovi\u0161\u010da ob vodotokih (Mi\u0161ja dolina) je prisotna tudi vidra. V lovi\u0161\u010du so pogoste ujede (kanja, kragulj, sokol selec) ter krokar iz dru\u017eine ptic pevk. [&hellip;]<\/p>\n","protected":false},"author":1,"featured_media":0,"parent":0,"menu_order":4,"comment_status":"closed","ping_status":"closed","template":"","meta":{"footnotes":""},"_links":{"self":[{"href":"http:\/\/www.ld-velikelasce.si\/index.php?rest_route=\/wp\/v2\/pages\/134"}],"collection":[{"href":"http:\/\/www.ld-velikelasce.si\/index.php?rest_route=\/wp\/v2\/pages"}],"about":[{"href":"http:\/\/www.ld-velikelasce.si\/index.php?rest_route=\/wp\/v2\/types\/page"}],"author":[{"embeddable":true,"href":"http:\/\/www.ld-velikelasce.si\/index.php?rest_route=\/wp\/v2\/users\/1"}],"replies":[{"embeddable":true,"href":"http:\/\/www.ld-velikelasce.si\/index.php?rest_route=%2Fwp%2Fv2%2Fcomments&post=134"}],"version-history":[{"count":13,"href":"http:\/\/www.ld-velikelasce.si\/index.php?rest_route=\/wp\/v2\/pages\/134\/revisions"}],"predecessor-version":[{"id":644,"href":"http:\/\/www.ld-velikelasce.si\/index.php?rest_route=\/wp\/v2\/pages\/134\/revisions\/644"}],"wp:attachment":[{"href":"http:\/\/www.ld-velikelasce.si\/index.php?rest_route=%2Fwp%2Fv2%2Fmedia&parent=134"}],"curies":[{"name":"wp","href":"https:\/\/api.w.org\/{rel}","templated":true}]}}