{"id":140,"date":"2014-09-02T19:47:23","date_gmt":"2014-09-02T17:47:23","guid":{"rendered":"http:\/\/www.ld-velikelasce.si\/?page_id=140"},"modified":"2023-05-17T14:00:37","modified_gmt":"2023-05-17T12:00:37","slug":"lovska-koca-3","status":"publish","type":"page","link":"http:\/\/www.ld-velikelasce.si\/?page_id=140","title":{"rendered":"LOVSKI DOM"},"content":{"rendered":"<p>Lovski dom LD Velike La\u0161\u010de se nahaja na gozdni jasi na Retenjskih seno\u017eetih. Zgradili so ga lovci v letih po 1960 ter dozidali leta 1986.&nbsp; Je osrednji objekt LD Velike La\u0161\u010de, kjer poleg posvetov in sestankov potekajo ob\u010dni zbori dru\u017eine. Poleg doma je urejena hladilnica za prevzem divja\u010dine. <a href=\"http:\/\/www.ld-velikelasce.si\/wp-content\/uploads\/2014\/09\/DSC01203.jpg\"><img loading=\"lazy\" decoding=\"async\" class=\"alignright wp-image-669 size-full\" src=\"http:\/\/www.ld-velikelasce.si\/wp-content\/uploads\/2014\/09\/DSC01203.jpg\" alt=\"IF\" width=\"921\" height=\"518\" srcset=\"http:\/\/www.ld-velikelasce.si\/wp-content\/uploads\/2014\/09\/DSC01203.jpg 921w, http:\/\/www.ld-velikelasce.si\/wp-content\/uploads\/2014\/09\/DSC01203-300x168.jpg 300w, http:\/\/www.ld-velikelasce.si\/wp-content\/uploads\/2014\/09\/DSC01203-619x348.jpg 619w\" sizes=\"(max-width: 921px) 100vw, 921px\" \/><\/a><\/p>\n<p>Osrednji prostor doma se nahaja v pritli\u010dju, ki omogo\u010da sprejem do 60 ljudi. V zgornjem nadstropju so urejene sobe s 13 le\u017ei\u0161\u010di. Ob domu je urejeno balini\u0161\u010de ter dva pokrita kamina. Leta 2013 je bil postavljen tudi nadstre\u0161ek, ki omogo\u010da prijetno dru\u017eenje ve\u010djim skupinam tudi v primeru slabega vremena.<\/p>\n<p>Oskrbnik doma je Roman Jakli\u010d (glej <a title=\"Kontakti LD\" href=\"http:\/\/www.ld-velikelasce.si\/?page_id=723\">Kontakti LD<\/a>).<\/p>\n\n\n<figure class=\"wp-block-gallery has-nested-images columns-default is-cropped wp-block-gallery-1 is-layout-flex wp-block-gallery-is-layout-flex\">\n<figure class=\"wp-block-image size-large\"><a href=\"http:\/\/www.ld-velikelasce.si\/wp-content\/uploads\/2023\/05\/dji_fly_20230422_120206_7_1682158714995_photo.jpg\"><img loading=\"lazy\" decoding=\"async\" width=\"640\" height=\"428\" data-id=\"1103\" src=\"http:\/\/www.ld-velikelasce.si\/wp-content\/uploads\/2023\/05\/dji_fly_20230422_120206_7_1682158714995_photo-1.jpg\" alt=\"\" class=\"wp-image-1103\" srcset=\"http:\/\/www.ld-velikelasce.si\/wp-content\/uploads\/2023\/05\/dji_fly_20230422_120206_7_1682158714995_photo-1.jpg 640w, http:\/\/www.ld-velikelasce.si\/wp-content\/uploads\/2023\/05\/dji_fly_20230422_120206_7_1682158714995_photo-1-300x201.jpg 300w, http:\/\/www.ld-velikelasce.si\/wp-content\/uploads\/2023\/05\/dji_fly_20230422_120206_7_1682158714995_photo-1-619x414.jpg 619w\" sizes=\"(max-width: 640px) 100vw, 640px\" \/><\/a><\/figure>\n\n\n\n<figure class=\"wp-block-image size-large\"><a href=\"http:\/\/www.ld-velikelasce.si\/wp-content\/uploads\/2023\/05\/dji_fly_20230422_120400_12_1682158705415_photo.jpg\"><img loading=\"lazy\" decoding=\"async\" width=\"640\" height=\"428\" data-id=\"1104\" src=\"http:\/\/www.ld-velikelasce.si\/wp-content\/uploads\/2023\/05\/dji_fly_20230422_120400_12_1682158705415_photo-1.jpg\" alt=\"\" class=\"wp-image-1104\" srcset=\"http:\/\/www.ld-velikelasce.si\/wp-content\/uploads\/2023\/05\/dji_fly_20230422_120400_12_1682158705415_photo-1.jpg 640w, http:\/\/www.ld-velikelasce.si\/wp-content\/uploads\/2023\/05\/dji_fly_20230422_120400_12_1682158705415_photo-1-300x201.jpg 300w, http:\/\/www.ld-velikelasce.si\/wp-content\/uploads\/2023\/05\/dji_fly_20230422_120400_12_1682158705415_photo-1-619x414.jpg 619w\" sizes=\"(max-width: 640px) 100vw, 640px\" \/><\/a><\/figure>\n\n\n\n<figure class=\"wp-block-image size-large\"><a href=\"http:\/\/www.ld-velikelasce.si\/wp-content\/uploads\/2023\/05\/dji_fly_20230422_120448_13_1682158703338_photo.jpg\"><img loading=\"lazy\" decoding=\"async\" width=\"640\" height=\"428\" data-id=\"1102\" src=\"http:\/\/www.ld-velikelasce.si\/wp-content\/uploads\/2023\/05\/dji_fly_20230422_120448_13_1682158703338_photo-1.jpg\" alt=\"\" class=\"wp-image-1102\" srcset=\"http:\/\/www.ld-velikelasce.si\/wp-content\/uploads\/2023\/05\/dji_fly_20230422_120448_13_1682158703338_photo-1.jpg 640w, http:\/\/www.ld-velikelasce.si\/wp-content\/uploads\/2023\/05\/dji_fly_20230422_120448_13_1682158703338_photo-1-300x201.jpg 300w, http:\/\/www.ld-velikelasce.si\/wp-content\/uploads\/2023\/05\/dji_fly_20230422_120448_13_1682158703338_photo-1-619x414.jpg 619w\" sizes=\"(max-width: 640px) 100vw, 640px\" \/><\/a><\/figure>\n<\/figure>\n","protected":false},"excerpt":{"rendered":"<p>Lovski dom LD Velike La\u0161\u010de se nahaja na gozdni jasi na Retenjskih seno\u017eetih. Zgradili so ga lovci v letih po 1960 ter dozidali leta 1986.&nbsp; Je osrednji objekt LD Velike La\u0161\u010de, kjer poleg posvetov in sestankov potekajo ob\u010dni zbori dru\u017eine. Poleg doma je urejena hladilnica za prevzem divja\u010dine. Osrednji prostor doma se nahaja v pritli\u010dju, [&hellip;]<\/p>\n","protected":false},"author":1,"featured_media":0,"parent":0,"menu_order":7,"comment_status":"closed","ping_status":"closed","template":"","meta":{"footnotes":""},"_links":{"self":[{"href":"http:\/\/www.ld-velikelasce.si\/index.php?rest_route=\/wp\/v2\/pages\/140"}],"collection":[{"href":"http:\/\/www.ld-velikelasce.si\/index.php?rest_route=\/wp\/v2\/pages"}],"about":[{"href":"http:\/\/www.ld-velikelasce.si\/index.php?rest_route=\/wp\/v2\/types\/page"}],"author":[{"embeddable":true,"href":"http:\/\/www.ld-velikelasce.si\/index.php?rest_route=\/wp\/v2\/users\/1"}],"replies":[{"embeddable":true,"href":"http:\/\/www.ld-velikelasce.si\/index.php?rest_route=%2Fwp%2Fv2%2Fcomments&post=140"}],"version-history":[{"count":15,"href":"http:\/\/www.ld-velikelasce.si\/index.php?rest_route=\/wp\/v2\/pages\/140\/revisions"}],"predecessor-version":[{"id":1108,"href":"http:\/\/www.ld-velikelasce.si\/index.php?rest_route=\/wp\/v2\/pages\/140\/revisions\/1108"}],"wp:attachment":[{"href":"http:\/\/www.ld-velikelasce.si\/index.php?rest_route=%2Fwp%2Fv2%2Fmedia&parent=140"}],"curies":[{"name":"wp","href":"https:\/\/api.w.org\/{rel}","templated":true}]}}