{"id":155,"date":"2014-09-02T19:58:39","date_gmt":"2014-09-02T17:58:39","guid":{"rendered":"http:\/\/www.ld-velikelasce.si\/?page_id=155"},"modified":"2015-07-03T20:10:54","modified_gmt":"2015-07-03T18:10:54","slug":"zgodovina","status":"publish","type":"page","link":"http:\/\/www.ld-velikelasce.si\/?page_id=155","title":{"rendered":"Zgodovina LD"},"content":{"rendered":"<p><img loading=\"lazy\" decoding=\"async\" class=\"alignright wp-image-744 size-full\" src=\"http:\/\/www.ld-velikelasce.si\/wp-content\/uploads\/2014\/09\/wpeacbe922_05_06.jpg\" alt=\"Prapor LD Velike La\u0161\u010de\" width=\"186\" height=\"124\" \/><\/p>\n<p><strong>LOVSKA DRU\u017dINA<\/strong><br \/>\nNa obmo\u010dju sedanjega lovi\u0161\u010da Velike La\u0161\u010de sta z delovanjem leta 1946 pri\u010deli LD Velike La\u0161\u010de in LD Dvorska vas. Leta 1948 je sledila zdru\u017eitev obeh dru\u017ein v skupno lovsko dru\u017eino Velike La\u0161\u010de. \u010clanstvo je obsegalo 28 ustanovnih \u010dlanov. Prvo odlo\u010dbo o upravljanju lovi\u0161\u010da je izdal Okrajni ljudski zbor Grosuplje. Po njegovi razpustitvi leta 1952 je obmo\u010dje spadalo pod Okrajni ljudski odbor Ko\u010devje. Po sprejetju novega lovskega zakona je bilo LD Velike La\u0161\u010de z odlo\u010dbo leta 1955\u00a0 dodeljeno lovi\u0161\u010de v izmeri 5,644 ha. Prapor LD Velike La\u0161\u010de je bil sve\u010dano razvit leta 1971.<br \/>\nLD se je od samih za\u010detkov povezovala s sosednjimi dru\u017einami, saj smo \u017ee leta 1961 organizirali skupno brakado z LD Sodra\u017eica, pozneje pa \u0161e z LD Velike Poljane in LD Mokrc.<br \/>\n\u010clanstvo LD se je po\u010dasi pove\u010devalo, leta 1961 je dru\u017eina \u0161tela 32 \u010dlanov, po letu 1970 pa je bilo v dru\u017eini vsako leto ve\u010d kot 50 \u010dlanov. Najve\u010d \u010dlanov in sicer 60 je bilo v LD leta 1990.<\/p>\n<p><strong>LOV<\/strong><br \/>\nZa povojna leta je bila zna\u010dilna zelo skromna \u0161tevil\u010dnost divjadi, predvsem srnjadi; \u0161tevil\u010dno so bili najbolj zastopani zajci, lisice in jerebi. Velik del dejavnosti lovcev je bil tako osredoto\u010den na pokon\u010devanje roparic, uspe\u0161nost lovcev je bila vrednotena s to\u010dkami. Zavest in prizadevanja za vi\u0161ji stale\u017e divjadi so naglo nara\u0161\u010dala, veliko truda je bilo vlo\u017eenega tudi v vzgojo in izobra\u017eevanje \u010dlanstva. V letu 1952 je OLZ Ko\u010devje prvi\u010d organiziral predavanja in lovske izpite, ki se jih je udele\u017eilo 18 na\u0161ih \u010dlanov. V skladu s takrat novo sprejetim lovskim zakonom leta 1954 se je uskladil tudi Poslovnik, ki je natan\u010dno dolo\u010dal navodila za gojitev, uplenitev in pridobitev divjadi, prispevke \u010dlanov ter obvezna dela. Posledi\u010dno se je pove\u010dala disciplina na skupnih lovih, uplenjena mala divjad pa se je delila med lovce. Ko\u017euhovino je bilo potrebno posu\u0161iti ter jo oddati Lovski zadrugi. Tja je bilo potrebno oddati tudi vso uplenjeno visoko divjad.<br \/>\nLeta 1958 je bilo \u017ee opazno pove\u010danje stale\u017ea srnjadi, stalno je bilo prisotne tudi nekaj jelenjadi ter vsaj 5 medvedov. Ve\u010dal se je tudi stale\u017e gozdnega jereba, prisotna je bila celo poljska jerebica.<\/p>\n<p><strong>STRELSTVO<br \/>\n<\/strong>Prvo strelsko tekmovanje v LD je bilo organizirano leta 1959, na podlagi katerega je bila izbrana ekipa lovcev &#8211; strelcev, ki je dru\u017eino zastopala na tekmovanjih v okraju. Na ob\u010dnem zboru leta 1965 so \u010dlani LD sprejeli sklep o obvezni preizku\u0161nji lovskega oro\u017eja pred lovom srnjaka. Vsak \u010dlan je moral preizku\u0161njo opravljati s svojim oro\u017ejem, polovico stro\u0161kov nabave streliva pa je pokrila lovska dru\u017eina.V povra\u010dilo za oddano divjad naj bi lovci preko Lovske zadruge kupovali lovsko opremo in\u00a0 pripomo\u010dke po ugodnej\u0161i ceni. Kompenzacija se je izkazala za neuspe\u0161no, saj je lovstvo ostalo nepreskrbljeno celo z lovskimi naboji, ki jih niso proizvajali na doma\u010dem trgu. Zaradi te\u017eav pri nakupu lovskega oro\u017eja se je pri lovu uporabljalo voja\u0161ko in polvoja\u0161ko oro\u017eje. Po\u010dasi so se razmere za\u010dele urejati, nekaterim so oro\u017eje predelali v lovsko, drugi so uspeli nabaviti lovsko oro\u017eje.<\/p>\n<p><strong>KINOLOGIJA<\/strong><br \/>\nPrva tekma psov goni\u010dev je bila v Velikih La\u0161\u010dah organizirana leta 1955. Leta 1960 je bilo v dru\u017eini 7 brak-jazbe\u010darjev ter 14 istrskih goni\u010dev. Istega leta so se trije \u010dlani LD udele\u017eili tekme po krvni sledi v organizaciji LZ Ko\u010devje. Temu je leta 1961 sledila \u0161e udele\u017eba \u010dlanov na te\u010daju za vodnike psov. S Poslovnikom je bil leta 1962 rajon Brezje dolo\u010den za \u0161olanje psov skozi vse leto, \u010dlan LD &#8211; vodnik lovskega psa pa je imel vsako leto pravico upleniti do 5 zajcev. Leta 1963 je bila ustanovljena Psarna Velikola\u0161ka, ki je skrbela za vzrejo kratkodlakih istrskih goni\u010dev. Kinolo\u0161ka zveza Slovenije je LD Velike La\u0161\u010de leta 1981 odlikovala s srebrnim znakom za kinolo\u0161ke zasluge.<\/p>\n<p><strong>LOVSKI OBJEKTI<\/strong><br \/>\nGradnja lovskega doma se je pri\u010dela na podlagi sklepa, sprejetega leta 1960. S prostovoljnim delom \u010dlanov in lastnimi sredstvi je zrastel lovski dom, ki je bil odprt leta 1962. Leta 1986 so se pri\u010dela dela za dozidavo lovskega doma, saj se je \u010dlanstvo vztrajno pove\u010devalo. V okviru dozidave se je uredila tudi elektri\u010dna napeljava in centralno ogrevanje.<\/p>\n<p>&nbsp;<\/p>\n<p>&nbsp;<\/p>\n","protected":false},"excerpt":{"rendered":"<p>LOVSKA DRU\u017dINA Na obmo\u010dju sedanjega lovi\u0161\u010da Velike La\u0161\u010de sta z delovanjem leta 1946 pri\u010deli LD Velike La\u0161\u010de in LD Dvorska vas. Leta 1948 je sledila zdru\u017eitev obeh dru\u017ein v skupno lovsko dru\u017eino Velike La\u0161\u010de. \u010clanstvo je obsegalo 28 ustanovnih \u010dlanov. Prvo odlo\u010dbo o upravljanju lovi\u0161\u010da je izdal Okrajni ljudski zbor Grosuplje. Po njegovi razpustitvi leta [&hellip;]<\/p>\n","protected":false},"author":1,"featured_media":0,"parent":125,"menu_order":1,"comment_status":"closed","ping_status":"closed","template":"","meta":{"footnotes":""},"_links":{"self":[{"href":"http:\/\/www.ld-velikelasce.si\/index.php?rest_route=\/wp\/v2\/pages\/155"}],"collection":[{"href":"http:\/\/www.ld-velikelasce.si\/index.php?rest_route=\/wp\/v2\/pages"}],"about":[{"href":"http:\/\/www.ld-velikelasce.si\/index.php?rest_route=\/wp\/v2\/types\/page"}],"author":[{"embeddable":true,"href":"http:\/\/www.ld-velikelasce.si\/index.php?rest_route=\/wp\/v2\/users\/1"}],"replies":[{"embeddable":true,"href":"http:\/\/www.ld-velikelasce.si\/index.php?rest_route=%2Fwp%2Fv2%2Fcomments&post=155"}],"version-history":[{"count":16,"href":"http:\/\/www.ld-velikelasce.si\/index.php?rest_route=\/wp\/v2\/pages\/155\/revisions"}],"predecessor-version":[{"id":760,"href":"http:\/\/www.ld-velikelasce.si\/index.php?rest_route=\/wp\/v2\/pages\/155\/revisions\/760"}],"up":[{"embeddable":true,"href":"http:\/\/www.ld-velikelasce.si\/index.php?rest_route=\/wp\/v2\/pages\/125"}],"wp:attachment":[{"href":"http:\/\/www.ld-velikelasce.si\/index.php?rest_route=%2Fwp%2Fv2%2Fmedia&parent=155"}],"curies":[{"name":"wp","href":"https:\/\/api.w.org\/{rel}","templated":true}]}}