{"id":172,"date":"2014-09-02T20:05:31","date_gmt":"2014-09-02T18:05:31","guid":{"rendered":"http:\/\/www.ld-velikelasce.si\/?page_id=172"},"modified":"2015-07-03T20:51:30","modified_gmt":"2015-07-03T18:51:30","slug":"strelisce","status":"publish","type":"page","link":"http:\/\/www.ld-velikelasce.si\/?page_id=172","title":{"rendered":"STRELSTVO"},"content":{"rendered":"<div id=\"attachment_199\" style=\"width: 310px\" class=\"wp-caption alignright\"><a href=\"http:\/\/www.ld-velikelasce.si\/wp-content\/uploads\/2014\/09\/WP_20140629_10_52_36_Pro.jpg\"><img loading=\"lazy\" decoding=\"async\" aria-describedby=\"caption-attachment-199\" class=\"wp-image-199 size-medium\" src=\"http:\/\/www.ld-velikelasce.si\/wp-content\/uploads\/2014\/09\/WP_20140629_10_52_36_Pro-300x169.jpg\" alt=\"\" width=\"300\" height=\"169\" srcset=\"http:\/\/www.ld-velikelasce.si\/wp-content\/uploads\/2014\/09\/WP_20140629_10_52_36_Pro-300x169.jpg 300w, http:\/\/www.ld-velikelasce.si\/wp-content\/uploads\/2014\/09\/WP_20140629_10_52_36_Pro-1024x576.jpg 1024w, http:\/\/www.ld-velikelasce.si\/wp-content\/uploads\/2014\/09\/WP_20140629_10_52_36_Pro-624x351.jpg 624w, http:\/\/www.ld-velikelasce.si\/wp-content\/uploads\/2014\/09\/WP_20140629_10_52_36_Pro.jpg 1065w\" sizes=\"(max-width: 300px) 100vw, 300px\" \/><\/a><p id=\"caption-attachment-199\" class=\"wp-caption-text\">Steli\u0161\u010de &#8211; glinasti golobi<\/p><\/div>\n<p>Na streli\u0161\u010du LD Velike La\u0161\u010de je urejeno streli\u0161\u010de za pristrelitev pu\u0161k risanic. Poleg je streli\u0161\u010de za malokalibrsko oro\u017eje ter streli\u0161\u010de za glinaste golobe z avtomatskim metalcem golobov.<\/p>\n<p>Na streli\u0161\u010du pogosto potekajo strelski treningi tako za na\u0161e \u010dlane kot tudi \u010dlane drugih LD. Letno organiziramo vsaj dve strelski tekmi.<\/p>\n<p>Strelci LD Velike La\u0161\u010de se redno udele\u017eujejo bazenskih tekem lige ZLD Ko\u010devje, poleg tega pa sodelujejo na ostalih strelskih tekmovanjih.<\/p>\n<div id=\"attachment_203\" style=\"width: 670px\" class=\"wp-caption aligncenter\"><a href=\"http:\/\/www.ld-velikelasce.si\/wp-content\/uploads\/2014\/09\/WP_20140629_11_01_48_Pro.jpg\"><img loading=\"lazy\" decoding=\"async\" aria-describedby=\"caption-attachment-203\" class=\"wp-image-203 size-large\" src=\"http:\/\/www.ld-velikelasce.si\/wp-content\/uploads\/2014\/09\/WP_20140629_11_01_48_Pro-1024x576.jpg\" alt=\"\" width=\"660\" height=\"371\" srcset=\"http:\/\/www.ld-velikelasce.si\/wp-content\/uploads\/2014\/09\/WP_20140629_11_01_48_Pro-1024x576.jpg 1024w, http:\/\/www.ld-velikelasce.si\/wp-content\/uploads\/2014\/09\/WP_20140629_11_01_48_Pro-300x169.jpg 300w, http:\/\/www.ld-velikelasce.si\/wp-content\/uploads\/2014\/09\/WP_20140629_11_01_48_Pro-624x351.jpg 624w, http:\/\/www.ld-velikelasce.si\/wp-content\/uploads\/2014\/09\/WP_20140629_11_01_48_Pro.jpg 1065w\" sizes=\"(max-width: 660px) 100vw, 660px\" \/><\/a><p id=\"caption-attachment-203\" class=\"wp-caption-text\">Streli\u0161\u010de &#8211; malokalibersko oro\u017eje<\/p><\/div>\n","protected":false},"excerpt":{"rendered":"<p>Na streli\u0161\u010du LD Velike La\u0161\u010de je urejeno streli\u0161\u010de za pristrelitev pu\u0161k risanic. Poleg je streli\u0161\u010de za malokalibrsko oro\u017eje ter streli\u0161\u010de za glinaste golobe z avtomatskim metalcem golobov. Na streli\u0161\u010du pogosto potekajo strelski treningi tako za na\u0161e \u010dlane kot tudi \u010dlane drugih LD. Letno organiziramo vsaj dve strelski tekmi. Strelci LD Velike La\u0161\u010de se redno udele\u017eujejo [&hellip;]<\/p>\n","protected":false},"author":1,"featured_media":0,"parent":0,"menu_order":6,"comment_status":"closed","ping_status":"closed","template":"","meta":{"footnotes":""},"_links":{"self":[{"href":"http:\/\/www.ld-velikelasce.si\/index.php?rest_route=\/wp\/v2\/pages\/172"}],"collection":[{"href":"http:\/\/www.ld-velikelasce.si\/index.php?rest_route=\/wp\/v2\/pages"}],"about":[{"href":"http:\/\/www.ld-velikelasce.si\/index.php?rest_route=\/wp\/v2\/types\/page"}],"author":[{"embeddable":true,"href":"http:\/\/www.ld-velikelasce.si\/index.php?rest_route=\/wp\/v2\/users\/1"}],"replies":[{"embeddable":true,"href":"http:\/\/www.ld-velikelasce.si\/index.php?rest_route=%2Fwp%2Fv2%2Fcomments&post=172"}],"version-history":[{"count":11,"href":"http:\/\/www.ld-velikelasce.si\/index.php?rest_route=\/wp\/v2\/pages\/172\/revisions"}],"predecessor-version":[{"id":813,"href":"http:\/\/www.ld-velikelasce.si\/index.php?rest_route=\/wp\/v2\/pages\/172\/revisions\/813"}],"wp:attachment":[{"href":"http:\/\/www.ld-velikelasce.si\/index.php?rest_route=%2Fwp%2Fv2%2Fmedia&parent=172"}],"curies":[{"name":"wp","href":"https:\/\/api.w.org\/{rel}","templated":true}]}}