{"id":240,"date":"2014-09-03T19:06:54","date_gmt":"2014-09-03T17:06:54","guid":{"rendered":"http:\/\/www.ld-velikelasce.si\/?page_id=240"},"modified":"2015-03-30T10:27:59","modified_gmt":"2015-03-30T08:27:59","slug":"lisica","status":"publish","type":"page","link":"http:\/\/www.ld-velikelasce.si\/?page_id=240","title":{"rendered":"Lisica"},"content":{"rendered":"<div id=\"attachment_244\" style=\"width: 310px\" class=\"wp-caption alignright\"><a href=\"http:\/\/www.ld-velikelasce.si\/wp-content\/uploads\/2014\/09\/8467558309_87b40f8896_o.jpg\"><img loading=\"lazy\" decoding=\"async\" aria-describedby=\"caption-attachment-244\" class=\"wp-image-244 size-medium\" src=\"http:\/\/www.ld-velikelasce.si\/wp-content\/uploads\/2014\/09\/8467558309_87b40f8896_o-300x199.jpg\" alt=\"\" width=\"300\" height=\"199\" srcset=\"http:\/\/www.ld-velikelasce.si\/wp-content\/uploads\/2014\/09\/8467558309_87b40f8896_o-300x199.jpg 300w, http:\/\/www.ld-velikelasce.si\/wp-content\/uploads\/2014\/09\/8467558309_87b40f8896_o-1024x682.jpg 1024w, http:\/\/www.ld-velikelasce.si\/wp-content\/uploads\/2014\/09\/8467558309_87b40f8896_o-624x415.jpg 624w, http:\/\/www.ld-velikelasce.si\/wp-content\/uploads\/2014\/09\/8467558309_87b40f8896_o.jpg 1528w\" sizes=\"(max-width: 300px) 100vw, 300px\" \/><\/a><p id=\"caption-attachment-244\" class=\"wp-caption-text\">Lisica (foto: M. Krofel)<\/p><\/div>\n<p><span id=\"ucHTML_lHTML\"><b>Opis<br \/>\n<\/b>Lisi\u010dino telo je vitko, na razmeroma kratkih nogah. Rep je dalj\u0161i od polovice trupa z glavo. Hrbet je navadno rde\u010dkasto rjav, trebuh pa umazano bel. V zimski dlaki so izrazitej\u0161i sivi toni. Hrbtna stran uhljev je vedno \u010drna, konica repa pa bela. <\/span><\/p>\n<p><span id=\"ucHTML_lHTML\">Samci so ve\u010dji od samic. Odrasel lisjak tehta do 10 kg.<\/span><\/p>\n<p><b>\u017divljenje<\/b><br \/>\nJe predvsem no\u010dna \u017eival, zlasti jeseni in pozimi pa jo lahko vidimo tudi podnevi. Po\u010diva v brlogu (lisi\u010dini), ki si ga sama izkoplje, ali pa zasede opu\u0161\u010deno jazbino.<\/p>\n<p>\u010ceprav je na nizkih nogah, urno te\u010de in dela dolge (3-4 m) skoke. Je dokaj dobra plavalka, po polo\u017enej\u0161ih deblih pa lahko tudi pleza. Njeno \u017eivljenjsko obmo\u010dje meri od 2,5 do 15 km2.<\/p>\n<p>V prehrani je oportunist in vsejed. Ve\u010dino hrane sestavljajo glodavci (do 90%), je pa \u0161e zajce, pti\u010de, mrhovino, ribe, \u017eabe, rake, pol\u017ee, \u017eu\u017eelke in njihove li\u010dinke ter sadje. Na dan potrebuje 500 g hrane.<\/p>\n<p>Pari se od januarja do marca, brejost pa traja 52-53 dni. V skotu je 1-10 (navadno 4-7) golih in slepih mladi\u010dev, ki ob rojstvu tehtajo 60-150 g. Mladi\u010di za\u010dno zapu\u0161\u010dati brlog, ko so stari 4-5 tednov, pri petih mesecih pa so \u017ee samostojni.<\/p>\n<p>\u017divljenjska doba lisic je do 12 let. V populaciji so samci \u0161tevil\u010dnej\u0161i. Lisi\u010dini naravni sovra\u017eniki so volk, ris in planinski orel. Mladi\u010dem sta nevarna \u0161e kragulj in velika uharica.<\/p>\n<div id=\"attachment_245\" style=\"width: 310px\" class=\"wp-caption alignright\"><a href=\"http:\/\/www.ld-velikelasce.si\/wp-content\/uploads\/2014\/09\/8468652992_633ac8ee0a_o.jpg\"><img loading=\"lazy\" decoding=\"async\" aria-describedby=\"caption-attachment-245\" class=\"wp-image-245 size-medium\" src=\"http:\/\/www.ld-velikelasce.si\/wp-content\/uploads\/2014\/09\/8468652992_633ac8ee0a_o-300x216.jpg\" alt=\"\" width=\"300\" height=\"216\" srcset=\"http:\/\/www.ld-velikelasce.si\/wp-content\/uploads\/2014\/09\/8468652992_633ac8ee0a_o-300x216.jpg 300w, http:\/\/www.ld-velikelasce.si\/wp-content\/uploads\/2014\/09\/8468652992_633ac8ee0a_o-624x450.jpg 624w, http:\/\/www.ld-velikelasce.si\/wp-content\/uploads\/2014\/09\/8468652992_633ac8ee0a_o.jpg 997w\" sizes=\"(max-width: 300px) 100vw, 300px\" \/><\/a><p id=\"caption-attachment-245\" class=\"wp-caption-text\">Obiranje robid (foto: M. Krofel)<\/p><\/div>\n<p>Lisica je glavni prena\u0161alec stekline. S to smrtonosno virusno boleznijo lahko oku\u017ei tudi druge sesalce in \u010dloveka. S steklino je dandanes oku\u017eena prakti\u010dno vsa Evropa.<\/p>\n<p><b>\u017divljenjski prostor<\/b><br \/>\nZelo prilagodljiva vrsta: poseljuje gozdove, obdelovalne povr\u0161ine in suburbano okolje, najbolj pa ji ustreza mozai\u010den preplet gozdi\u010dev in odprtega terena. V Veliki Britaniji se vse bolj prilagaja \u017eivljenju v velikih mestih. V Bristolu je, npr., povpre\u010dna gostota 1,82 lisi\u010dje dru\u017eine na km<sup>2<\/sup> (Harris, 1981).<\/p>\n<div id=\"attachment_246\" style=\"width: 670px\" class=\"wp-caption alignright\"><a href=\"http:\/\/www.ld-velikelasce.si\/wp-content\/uploads\/2014\/09\/8468656512_4f7cdc9ee5_o.jpg\"><img loading=\"lazy\" decoding=\"async\" aria-describedby=\"caption-attachment-246\" class=\"wp-image-246 size-large\" src=\"http:\/\/www.ld-velikelasce.si\/wp-content\/uploads\/2014\/09\/8468656512_4f7cdc9ee5_o-1024x724.jpg\" alt=\"\" width=\"660\" height=\"466\" srcset=\"http:\/\/www.ld-velikelasce.si\/wp-content\/uploads\/2014\/09\/8468656512_4f7cdc9ee5_o-1024x724.jpg 1024w, http:\/\/www.ld-velikelasce.si\/wp-content\/uploads\/2014\/09\/8468656512_4f7cdc9ee5_o-300x212.jpg 300w, http:\/\/www.ld-velikelasce.si\/wp-content\/uploads\/2014\/09\/8468656512_4f7cdc9ee5_o-624x441.jpg 624w, http:\/\/www.ld-velikelasce.si\/wp-content\/uploads\/2014\/09\/8468656512_4f7cdc9ee5_o.jpg 1304w\" sizes=\"(max-width: 660px) 100vw, 660px\" \/><\/a><p id=\"caption-attachment-246\" class=\"wp-caption-text\">Mlada lisica (foto: M. Krofel)<\/p><\/div>\n<p><b>Raz\u0161irjenost v Sloveniji<br \/>\n<\/b>V Sloveniji je splo\u0161no raz\u0161irjena od morske obale do Prekmurja. V gorah \u017eivi do gozdne meje, ob\u010dasno pa gre \u0161e vi\u0161je, do 2500 m visoko.<\/p>\n<p><b>Raz\u0161irjenost<\/b><br \/>\nLisica je raz\u0161irjena v Evraziji, razen Indije in Indokine, v severni Afriki in Severni Ameriki do 30 severne \u0161irine na jugu. Okrog leta 1850 so jo naselili v Avstralijo.<\/p>\n<p><b>Variabilnost in podvrste<br \/>\n<\/b>Velikost in obarvanost lisice sta zelo spremenljivi. Lisice iz toplih obmo\u010dji so manj\u0161e, imajo pa tudi temnej\u0161i trebuh. Sorodni rod so polarne lisice.<\/p>\n<p><strong>Status<br \/>\n<\/strong><span id=\"ucHTML_lHTML\">Stabilen.<\/span><\/p>\n<p><strong>Lovna doba<\/strong><br \/>\n1. 7. &#8211; 15. 3.<\/p>\n<p>VIR: <a href=\"http:\/\/www.lovska-zveza.si\">LZS<\/a><\/p>\n","protected":false},"excerpt":{"rendered":"<p>Opis Lisi\u010dino telo je vitko, na razmeroma kratkih nogah. Rep je dalj\u0161i od polovice trupa z glavo. Hrbet je navadno rde\u010dkasto rjav, trebuh pa umazano bel. V zimski dlaki so izrazitej\u0161i sivi toni. Hrbtna stran uhljev je vedno \u010drna, konica repa pa bela. Samci so ve\u010dji od samic. Odrasel lisjak tehta do 10 kg. \u017divljenje [&hellip;]<\/p>\n","protected":false},"author":1,"featured_media":0,"parent":132,"menu_order":4,"comment_status":"closed","ping_status":"closed","template":"","meta":{"footnotes":""},"_links":{"self":[{"href":"http:\/\/www.ld-velikelasce.si\/index.php?rest_route=\/wp\/v2\/pages\/240"}],"collection":[{"href":"http:\/\/www.ld-velikelasce.si\/index.php?rest_route=\/wp\/v2\/pages"}],"about":[{"href":"http:\/\/www.ld-velikelasce.si\/index.php?rest_route=\/wp\/v2\/types\/page"}],"author":[{"embeddable":true,"href":"http:\/\/www.ld-velikelasce.si\/index.php?rest_route=\/wp\/v2\/users\/1"}],"replies":[{"embeddable":true,"href":"http:\/\/www.ld-velikelasce.si\/index.php?rest_route=%2Fwp%2Fv2%2Fcomments&post=240"}],"version-history":[{"count":11,"href":"http:\/\/www.ld-velikelasce.si\/index.php?rest_route=\/wp\/v2\/pages\/240\/revisions"}],"predecessor-version":[{"id":769,"href":"http:\/\/www.ld-velikelasce.si\/index.php?rest_route=\/wp\/v2\/pages\/240\/revisions\/769"}],"up":[{"embeddable":true,"href":"http:\/\/www.ld-velikelasce.si\/index.php?rest_route=\/wp\/v2\/pages\/132"}],"wp:attachment":[{"href":"http:\/\/www.ld-velikelasce.si\/index.php?rest_route=%2Fwp%2Fv2%2Fmedia&parent=240"}],"curies":[{"name":"wp","href":"https:\/\/api.w.org\/{rel}","templated":true}]}}