{"id":250,"date":"2014-09-03T19:12:42","date_gmt":"2014-09-03T17:12:42","guid":{"rendered":"http:\/\/www.ld-velikelasce.si\/?page_id=250"},"modified":"2015-03-30T10:32:59","modified_gmt":"2015-03-30T08:32:59","slug":"mala-podlasica","status":"publish","type":"page","link":"http:\/\/www.ld-velikelasce.si\/?page_id=250","title":{"rendered":"Mala podlasica"},"content":{"rendered":"<p><span id=\"ucHTML_lHTML\"><b>Opis<br \/>\n<\/b>Zelo je podobna veliki podlasici, vendar manj\u0161a. Meja med rjavo barvo hrbta in belino trebuha ni ravna, temve\u010d nepravilna. Na vsaki strani grla je rjava pega. Rep je relativno kraj\u0161i. Dlake na njegovem vrhu so v\u010dasih \u010drne (rep je sicer rjav), vendar nima nikoli izrazito \u010drnega \u010dopa. Severne populacije male podlasice se pozimi prebarvajo v povsem bel ko\u017euh. V Sloveniji \u017eive\u010dim populacijam ostane hrbet tudi pozimi rjav, lahko pa odkrijemo posamezne bele primerke. <\/span><\/p>\n<div id=\"attachment_569\" style=\"width: 212px\" class=\"wp-caption alignright\"><a href=\"http:\/\/www.ld-velikelasce.si\/wp-content\/uploads\/2014\/09\/mala-podlasica.jpg\"><img loading=\"lazy\" decoding=\"async\" aria-describedby=\"caption-attachment-569\" class=\"wp-image-569 size-medium\" src=\"http:\/\/www.ld-velikelasce.si\/wp-content\/uploads\/2014\/09\/mala-podlasica-202x300.jpg\" alt=\"\" width=\"202\" height=\"300\" srcset=\"http:\/\/www.ld-velikelasce.si\/wp-content\/uploads\/2014\/09\/mala-podlasica-202x300.jpg 202w, http:\/\/www.ld-velikelasce.si\/wp-content\/uploads\/2014\/09\/mala-podlasica-690x1024.jpg 690w, http:\/\/www.ld-velikelasce.si\/wp-content\/uploads\/2014\/09\/mala-podlasica-619x917.jpg 619w, http:\/\/www.ld-velikelasce.si\/wp-content\/uploads\/2014\/09\/mala-podlasica.jpg 704w\" sizes=\"(max-width: 202px) 100vw, 202px\" \/><\/a><p id=\"caption-attachment-569\" class=\"wp-caption-text\">Mala podlasica (foto: M. Krofel)<\/p><\/div>\n<p><span id=\"ucHTML_lHTML\">Samci so ob\u010dutno ve\u010dji od samic. V populaciji lahko naletimo tudi na izredno majhne primerke. Odrasel samec tehta do 120 gramov, samica pa do 60 gramov.<\/span><\/p>\n<p><b>\u017divljenje<\/b><br \/>\nAktivna je ves dan. Giblje se v skokih (12-32 cm). Teritorij meri najmanj 1 ha, velikost pa je odvisna od \u0161tevil\u010dnosti glodavcev. Samci imajo veliko ve\u010dje teritorije kot samice.<\/p>\n<p>Mala podlasica je specializirana za prehranjevanje z glodavci. Poleg njih pleni \u0161e pti\u010de in mnogo redkeje \u017eu\u017ekojede.<\/p>\n<p>Samica koti 1- do 2-krat na leto, vsaki\u010d po 4-6 mladi\u010dev. Brejost traja 34-37 dni, odlo\u017eene implantacije pa pri mali podlasici ni. Samica doji mladi\u010de do starosti najmanj 12 tednov. Spomladi pole\u017eeni mladi\u010di hitro rastejo in so lahko v avgustu \u017ee spolno zreli. Jesenska generacija raste veliko po\u010dasneje. Izredno majhne male podlasice, na katere v\u010dasih naletimo tudi pri nas, so verjetno tak\u0161ni jesenski osebki, katerim se je rast \u010dez zimo ustavila. V populaciji samci izrazito prevladujejo, saj je razmerje spolov pribli\u017eno 3:1 v njihovo korist. \u0160tevil\u010dnost male podlasice je tesno povezana s populacijsko gostoto malih glodavcev in skupaj z njo tudi niha. V ujetni\u0161tvu \u017eivi do 10 let, v naravi pa najve\u010d 3 leta. Samo 1 mladi\u010d od 80 ali 90-ih do\u010daka starost 2 let. Malo podlasico plenijo ujede, sove in nekatere zveri (lisica, doma\u010da ma\u010dka, hermelin). V nosni\u010dni votlini je pogosta zajedavska glista, ki lahko zelo iznakazi \u010delnico. V Veliki Britaniji je z omenjeno glisto oku\u017eenih 43-100% malih podlasic.<\/p>\n<p><b>\u017divljenjski prostor<br \/>\n<\/b>Na severu se zadr\u017euje bolj v gozdovih, v odprtih habitatih (polja, travniki) pa v \u017eivih mejah. Njeno prisotnost pogojujeta razpolo\u017eljiva hrana in kritje.<\/p>\n<p><b>Raz\u0161irjenost v Sloveniji<\/b><br \/>\nMala podlasica je splo\u0161no raz\u0161irjena, in sicer od morske obale do gorskih vrhov. Najvi\u0161je znano nahajali\u0161\u010de je Mali Triglav (okrog 2700 m; A. F.,1953).<\/p>\n<p><strong>Raz\u0161irjenost<\/strong><br \/>\nVe\u010dina palearkti\u010dne Evrazije in Severne Amerike. Na severu \u017eivi do polarnega kroga, na jugu pa do severne Afrike.<\/p>\n<p><b>Variabilnost in podvrsta<\/b><br \/>\nJe izredno variabilna vrsta. Male podlasice, ki \u017eivijo na severu, so manj\u0161e, s kraj\u0161im repom. Najve\u010dje male podlasice najdemo v Sredozemlju in v severni Afriki. Sistematika je \u0161e zelo negotova.<\/p>\n<p><strong>Status<\/strong><br \/>\nStabilen, popolno varstvo.<\/p>\n<p>VIR: <a href=\"http:\/\/www.lovska-zveza.si\" target=\"_blank\">LZS<\/a><\/p>\n","protected":false},"excerpt":{"rendered":"<p>Opis Zelo je podobna veliki podlasici, vendar manj\u0161a. Meja med rjavo barvo hrbta in belino trebuha ni ravna, temve\u010d nepravilna. Na vsaki strani grla je rjava pega. Rep je relativno kraj\u0161i. Dlake na njegovem vrhu so v\u010dasih \u010drne (rep je sicer rjav), vendar nima nikoli izrazito \u010drnega \u010dopa. Severne populacije male podlasice se pozimi prebarvajo [&hellip;]<\/p>\n","protected":false},"author":1,"featured_media":0,"parent":134,"menu_order":5,"comment_status":"closed","ping_status":"closed","template":"","meta":{"footnotes":""},"_links":{"self":[{"href":"http:\/\/www.ld-velikelasce.si\/index.php?rest_route=\/wp\/v2\/pages\/250"}],"collection":[{"href":"http:\/\/www.ld-velikelasce.si\/index.php?rest_route=\/wp\/v2\/pages"}],"about":[{"href":"http:\/\/www.ld-velikelasce.si\/index.php?rest_route=\/wp\/v2\/types\/page"}],"author":[{"embeddable":true,"href":"http:\/\/www.ld-velikelasce.si\/index.php?rest_route=\/wp\/v2\/users\/1"}],"replies":[{"embeddable":true,"href":"http:\/\/www.ld-velikelasce.si\/index.php?rest_route=%2Fwp%2Fv2%2Fcomments&post=250"}],"version-history":[{"count":6,"href":"http:\/\/www.ld-velikelasce.si\/index.php?rest_route=\/wp\/v2\/pages\/250\/revisions"}],"predecessor-version":[{"id":776,"href":"http:\/\/www.ld-velikelasce.si\/index.php?rest_route=\/wp\/v2\/pages\/250\/revisions\/776"}],"up":[{"embeddable":true,"href":"http:\/\/www.ld-velikelasce.si\/index.php?rest_route=\/wp\/v2\/pages\/134"}],"wp:attachment":[{"href":"http:\/\/www.ld-velikelasce.si\/index.php?rest_route=%2Fwp%2Fv2%2Fmedia&parent=250"}],"curies":[{"name":"wp","href":"https:\/\/api.w.org\/{rel}","templated":true}]}}