{"id":252,"date":"2014-09-03T19:12:56","date_gmt":"2014-09-03T17:12:56","guid":{"rendered":"http:\/\/www.ld-velikelasce.si\/?page_id=252"},"modified":"2015-03-30T10:33:21","modified_gmt":"2015-03-30T08:33:21","slug":"velika-podlasica","status":"publish","type":"page","link":"http:\/\/www.ld-velikelasce.si\/?page_id=252","title":{"rendered":"Velika podlasica &#8211; hermelin"},"content":{"rendered":"<p><span id=\"ucHTML_lHTML\"><b>Opis<br \/>\n<\/b>Trup je dolg, vitek in gib\u010den. Noge so kratke, gob\u010dek je razmeroma kratek, uhlji pa dokaj veliki. Stopala so poleti skromno, pozimi pa gosto odlakana. Rep je navadno dalj\u0161i od ene tretjine dol\u017eine trupa z glavo. Pod korenom repa je smradna zadnji\u010dna \u017eleza, ki izlo\u010da snov z neprijetnim vonjem. Dlaka je kratka in gosta. Hrbet je rjav, trebuh, ki je ostro omejen, pa bel. Zadnja tretjina do zadnja polovica repa je vedno \u010drna. <\/span><\/p>\n<p><span id=\"ucHTML_lHTML\">Pozimi je hermelin popolnoma bel, le zadnji del repa ostane \u010drn.<\/span><\/p>\n<p><b>\u017divljenje<br \/>\n<\/b>Aktiven je podnevi in pono\u010di. Giblje se v skokih, dolgih 30 do 100 cm. Dobro pleza in plava. Gnezdo si naredi v drevesnem duplu, skalni razpoki ali podzemnem rovu. Vid je dobro razvit, morda celo razlikuje barve. Velikost teritorija je odvisna od gostote plena, navadno pa meri 10-200 ha. Samci imajo ve\u010dje teritorije kot samice.<\/p>\n<p>Hrani se najve\u010d z glodavci, manj pa s pti\u010di. Kadar je populacijska gostota glodavcev majhna, u\u017eiva tudi de\u017eevnike, \u017eu\u017eelke, plazilce, dvo\u017eivke in jagodi\u010devje. Samec potrebuje okrog 55 g hrane na dan, samica pa 33 g. Lovijo posami\u010d, samici pa se lahko pridru\u017eijo mladi\u010di.<\/p>\n<p>Razmno\u017eevanje je precej nenavadno. Samci so plodni od sredine maja do sredine avgusta. Pri samici spro\u017ei spro\u0161\u010danje zrelih jaj\u010dnih celic parjenje (kopulacija). Implantacija je odlo\u017eena, tako da pride do nje \u0161ele marca naslednjega leta. Potem traja razvoj \u0161e 21-28 dni. V skotu je 6-12 mladih. Ko imajo samice 5 tednov (o\u010di odpro v 5. ali 6. tednu !), jih starej\u0161i samci \u017ee lahko oplodijo. Hermelin \u017eivi do 7 let, vendar je v naravi \u017eivljenska doba le do 1-1,5 leta. 60-90 % osebkov izgubi \u017eivljenje v prvem letu. Plenijo jih ve\u010dje ujede, sove in nekatere zveri. Populacijska gostota velike podlasice mo\u010dno niha, odvisno pa\u010d od razpolo\u017eljive hrane (glodalcev). Samci tehtajo do 350, odrasle samice pa do 210 gramov.<\/p>\n<p><b>\u017divljenjski prostor<\/b><br \/>\nNi izbir\u010den, zato ga najdemo povsod, kjer ima zadosti kritja in hrane. Poseljuje ni\u017einska poljedelska obmo\u010dja, travnike in pa\u0161nike, mo\u010dvirja, barja, gozdove in v gorah kameni\u0161\u010da. Pri nas je pogosten v vla\u017enih ni\u017einskih habitatih, npr. na Ljubljanskem barju.<\/p>\n<p><b>Raz\u0161irjenost v Sloveniji<br \/>\n<\/b>Slabo poznana. V celinskih delih je verjetno splo\u0161no raz\u0161irjen, o\u010ditno pa manjka v submediteranskem obmo\u010dju Slovenije. V gorah gre do 2000 m. Raz\u0161irjenost Evrazija in Severna Amerika od polarnih obmo\u010dij na severu do Pirenejev, Alp, ju\u017enega oboda Panonske ravnine, Ka\u0161mirja, Kalifornije in Virginije na jugu. \u010clovek ga je naselil tudi na Novo Zelandijo.<\/p>\n<p><strong>Status<\/strong><br \/>\nStabilen, popolno zavarovana vrsta<\/p>\n<p>VIR: <a href=\"http:\/\/www.lovska-zveza.si\" target=\"_blank\">LZS<\/a><\/p>\n","protected":false},"excerpt":{"rendered":"<p>Opis Trup je dolg, vitek in gib\u010den. Noge so kratke, gob\u010dek je razmeroma kratek, uhlji pa dokaj veliki. Stopala so poleti skromno, pozimi pa gosto odlakana. Rep je navadno dalj\u0161i od ene tretjine dol\u017eine trupa z glavo. Pod korenom repa je smradna zadnji\u010dna \u017eleza, ki izlo\u010da snov z neprijetnim vonjem. Dlaka je kratka in gosta. [&hellip;]<\/p>\n","protected":false},"author":1,"featured_media":0,"parent":134,"menu_order":6,"comment_status":"closed","ping_status":"closed","template":"","meta":{"footnotes":""},"_links":{"self":[{"href":"http:\/\/www.ld-velikelasce.si\/index.php?rest_route=\/wp\/v2\/pages\/252"}],"collection":[{"href":"http:\/\/www.ld-velikelasce.si\/index.php?rest_route=\/wp\/v2\/pages"}],"about":[{"href":"http:\/\/www.ld-velikelasce.si\/index.php?rest_route=\/wp\/v2\/types\/page"}],"author":[{"embeddable":true,"href":"http:\/\/www.ld-velikelasce.si\/index.php?rest_route=\/wp\/v2\/users\/1"}],"replies":[{"embeddable":true,"href":"http:\/\/www.ld-velikelasce.si\/index.php?rest_route=%2Fwp%2Fv2%2Fcomments&post=252"}],"version-history":[{"count":7,"href":"http:\/\/www.ld-velikelasce.si\/index.php?rest_route=\/wp\/v2\/pages\/252\/revisions"}],"predecessor-version":[{"id":777,"href":"http:\/\/www.ld-velikelasce.si\/index.php?rest_route=\/wp\/v2\/pages\/252\/revisions\/777"}],"up":[{"embeddable":true,"href":"http:\/\/www.ld-velikelasce.si\/index.php?rest_route=\/wp\/v2\/pages\/134"}],"wp:attachment":[{"href":"http:\/\/www.ld-velikelasce.si\/index.php?rest_route=%2Fwp%2Fv2%2Fmedia&parent=252"}],"curies":[{"name":"wp","href":"https:\/\/api.w.org\/{rel}","templated":true}]}}