{"id":272,"date":"2014-09-03T19:15:07","date_gmt":"2014-09-03T17:15:07","guid":{"rendered":"http:\/\/www.ld-velikelasce.si\/?page_id=272"},"modified":"2015-03-30T10:30:44","modified_gmt":"2015-03-30T08:30:44","slug":"volk","status":"publish","type":"page","link":"http:\/\/www.ld-velikelasce.si\/?page_id=272","title":{"rendered":"Volk"},"content":{"rendered":"<div id=\"attachment_550\" style=\"width: 203px\" class=\"wp-caption alignright\"><a href=\"http:\/\/www.ld-velikelasce.si\/wp-content\/uploads\/2014\/09\/5897839826_2a002fd797_o.jpg\"><img loading=\"lazy\" decoding=\"async\" aria-describedby=\"caption-attachment-550\" class=\"wp-image-550 size-medium\" src=\"http:\/\/www.ld-velikelasce.si\/wp-content\/uploads\/2014\/09\/5897839826_2a002fd797_o-193x300.jpg\" alt=\"\" width=\"193\" height=\"300\" srcset=\"http:\/\/www.ld-velikelasce.si\/wp-content\/uploads\/2014\/09\/5897839826_2a002fd797_o-193x300.jpg 193w, http:\/\/www.ld-velikelasce.si\/wp-content\/uploads\/2014\/09\/5897839826_2a002fd797_o-660x1024.jpg 660w, http:\/\/www.ld-velikelasce.si\/wp-content\/uploads\/2014\/09\/5897839826_2a002fd797_o-619x959.jpg 619w, http:\/\/www.ld-velikelasce.si\/wp-content\/uploads\/2014\/09\/5897839826_2a002fd797_o.jpg 704w\" sizes=\"(max-width: 193px) 100vw, 193px\" \/><\/a><p id=\"caption-attachment-550\" class=\"wp-caption-text\">Volk (foto: M. Krofel)<\/p><\/div>\n<p><span id=\"ucHTML_lHTML\"><b>Opis<br \/>\n<\/b>Volk je najve\u010dji predstavnik dru\u017eine psov. Njegov gobec je koni\u010dast, o\u010di po\u0161evne, uhlji pa razmeroma veliki in pokon\u010dni. Vrat in prsi ima zelo mo\u010dne. Rep je kraj\u0161i od polovice trupa z glavo, nosi pa pove\u0161enega. Ko\u017euh je rumeno rjav s sivim nadihom. V zimski dlaki so sivi toni bolj izra\u017eeni. Za razliko od psa ima na podlakti 10 cm dolgo in 2 cm \u0161iroko \u010drno progo.<\/span><\/p>\n<p><b>\u017divljenje<\/b><br \/>\nVolkovi \u017eivijo v tropih s strogo dolo\u010deno hierarhi\u010dno lestvico. Najmanj\u0161i teritorij, ki ga posamezen volk potrebuje za pre\u017eivetje, naj bi meril 25 km2. Sezonska raz\u0161irjenost je odvisna od selitev plena. \u010ce je le mogo\u010de, se gibljejo po lahko prehodnem ozemlju. Zato so tudi v Sloveniji njihove sledi pogoste na gozdnih (kamionskih ali traktorskih) poteh (Brancelj, 1986).<\/p>\n<p>Pri iskanju hrane lahko naenkrat prepotujejo 40-70 km, znano pa je, da so v eni no\u010di prehodili razdaljo 160 km. Volk je plenilec velikih parkljarjev, ki jih iz\u010drpa v dolgem pogonu. S takim na\u010dinom lova ujame predvsem \u017eivali, ki so v slab\u0161i telesni kondiciji. Zato je volk izredno pomemben selektor velikih parkljarjev. V Sloveniji pleni v glavnem jelenjad in srnjad, hrani pa se tudi z mrhovino in prilo\u017enostno napada vse vrste doma\u010dih \u017eivali (pse, konje, govedo, drobnico). Naenkrat lahko zau\u017eije celo do 10 kg hrane, po drugi strani pa lahko dolgo zdr\u017ei brez nje.<\/p>\n<p>Parjenje poteka od decembra do marca. Volkulja je breja 62-64 dni, mladi\u010de pa skoti v brlogu. V Sloveniji je najve\u010d skotov aprila. V leglu je najpogosteje 5-8 mladih, ki so ob rojstvu slepi in porasli s kratko, temno dlako. Mladi\u010di za\u010dno zapu\u0161\u010dati brlog po osmih tednih, spolno pa dozorijo z 22 meseci.<\/p>\n<p>V populaciji prevladujejo samci (Brancelj, 1998). Od 40 &#8211; 50 % volkov propade v prvem letu \u017eivljenja. Njihova \u017eivljenjska doba je od 12-16 let. Naravnih sovra\u017enikov volk skorajda nima, znani pa so primeri kanibalizma. Volk se lahko oku\u017ei tudi s steklino. Volk \u010dloveku ni nevaren.<\/p>\n<div id=\"attachment_551\" style=\"width: 310px\" class=\"wp-caption alignright\"><a href=\"http:\/\/www.ld-velikelasce.si\/wp-content\/uploads\/2014\/09\/3074271540_2cf967f153_o.jpg\"><img loading=\"lazy\" decoding=\"async\" aria-describedby=\"caption-attachment-551\" class=\"wp-image-551 size-medium\" src=\"http:\/\/www.ld-velikelasce.si\/wp-content\/uploads\/2014\/09\/3074271540_2cf967f153_o-300x213.jpg\" alt=\"\" width=\"300\" height=\"213\" srcset=\"http:\/\/www.ld-velikelasce.si\/wp-content\/uploads\/2014\/09\/3074271540_2cf967f153_o-300x213.jpg 300w, http:\/\/www.ld-velikelasce.si\/wp-content\/uploads\/2014\/09\/3074271540_2cf967f153_o-1024x728.jpg 1024w, http:\/\/www.ld-velikelasce.si\/wp-content\/uploads\/2014\/09\/3074271540_2cf967f153_o-619x440.jpg 619w, http:\/\/www.ld-velikelasce.si\/wp-content\/uploads\/2014\/09\/3074271540_2cf967f153_o.jpg 1580w\" sizes=\"(max-width: 300px) 100vw, 300px\" \/><\/a><p id=\"caption-attachment-551\" class=\"wp-caption-text\">Pozimi (foto: M. Krofel)<\/p><\/div>\n<p><strong>Opombe<br \/>\n<\/strong>Volk je neposredni prednik psa. Za\u010detki udoma\u010devanja segajo v mlaj\u0161o kameno dobo (neolitik), to je kakih 8000 let nazaj. Po eni od teorij naj bi ljudje na razli\u010dnih krajih severne poloble udoma\u010devali lokalne divje \u017eive\u010de pse, torej volkove in \u0161akale. Ob selitvah naj bi bolj ali manj udoma\u010dene \u017eivali jemali s seboj, posledica \u010desar naj bi bilo me\u0161anje genetskega materiala razli\u010dnih pasem. V zdaj\u0161njem psu naj bi se torej pretakala kri volka in \u0161akala. Vendar pa nobena od \u0161tevilnih pasjih pasem ne ka\u017ee nobene zna\u010dilnosti s \u0161akalom. Pes in volk se \u0161e vedno plodno kri\u017eata. Velike pasme psov so lahko zelo podobne, vendar psi nimajo nikoli tako mo\u010dnih ko\u010dnikov. Pri volku so ko\u010dniki tesno drug ob drugem, pri psu pa so pogosto vrzeli.<\/p>\n<p><b>\u017divljenjski prostor<br \/>\n<\/b>V Evropi volkovi \u017eivijo predvsem na gozdnatem obmo\u010dju, sicer pa lahko pre\u017eivijo tudi v arkti\u010dni tundri, v mo\u010dvirjih, stepi in polpu\u0161\u010davi. V Sloveniji so najpogostej\u0161i v gozdovih bukve in jelke, ki pora\u0161\u010dajo obse\u017ena gorska obmo\u010dja dinarskega krasa.<\/p>\n<p><b>Raz\u0161irjenost<br \/>\n<\/b>Prvotno je poseljeval ve\u010dino Evrazije do Indije in Kitajske na jugu. V Evropi je dandanes bolj ali manj iztrebljen, najdemo pa ga \u0161e v Skandinaviji in dr\u017eavah nekdanje Sovjetske zveze, na Poljskem, \u010ce\u0161kem, Slova\u0161kem ter na Balkanskem, Apeninskem in Pirenejskem polotoku. \u017divi tudi v Severni Ameriki in na Grenlandiji.<\/p>\n<div id=\"attachment_552\" style=\"width: 310px\" class=\"wp-caption alignright\"><a href=\"http:\/\/www.ld-velikelasce.si\/wp-content\/uploads\/2014\/09\/7554615024_041b4ed8b3_o.jpg\"><img loading=\"lazy\" decoding=\"async\" aria-describedby=\"caption-attachment-552\" class=\"wp-image-552 size-medium\" src=\"http:\/\/www.ld-velikelasce.si\/wp-content\/uploads\/2014\/09\/7554615024_041b4ed8b3_o-300x212.jpg\" alt=\"\" width=\"300\" height=\"212\" srcset=\"http:\/\/www.ld-velikelasce.si\/wp-content\/uploads\/2014\/09\/7554615024_041b4ed8b3_o-300x212.jpg 300w, http:\/\/www.ld-velikelasce.si\/wp-content\/uploads\/2014\/09\/7554615024_041b4ed8b3_o-1024x725.jpg 1024w, http:\/\/www.ld-velikelasce.si\/wp-content\/uploads\/2014\/09\/7554615024_041b4ed8b3_o-619x438.jpg 619w, http:\/\/www.ld-velikelasce.si\/wp-content\/uploads\/2014\/09\/7554615024_041b4ed8b3_o.jpg 1218w\" sizes=\"(max-width: 300px) 100vw, 300px\" \/><\/a><p id=\"caption-attachment-552\" class=\"wp-caption-text\">Mladi\u010d v brlogu (foto: M. Krofel)<\/p><\/div>\n<p><b>Variabilnost in podvrsta<br \/>\n<\/b>Geografska variabilnost je pri volkovih mo\u010dno izra\u017eena; v hladnej\u0161ih obmo\u010djih so ve\u010dji, v toplej\u0161ih pa manj\u0161i.<\/p>\n<p><strong><b>Status<br \/>\n<\/b><\/strong>Stabilen.<strong><br \/>\n<\/strong><\/p>\n<div id=\"attachment_553\" style=\"width: 670px\" class=\"wp-caption alignright\"><a href=\"http:\/\/www.ld-velikelasce.si\/wp-content\/uploads\/2014\/09\/4423672105_c3aa4b1d13_o.jpg\"><img loading=\"lazy\" decoding=\"async\" aria-describedby=\"caption-attachment-553\" class=\"wp-image-553 size-large\" src=\"http:\/\/www.ld-velikelasce.si\/wp-content\/uploads\/2014\/09\/4423672105_c3aa4b1d13_o-1024x699.jpg\" alt=\"\" width=\"660\" height=\"450\" srcset=\"http:\/\/www.ld-velikelasce.si\/wp-content\/uploads\/2014\/09\/4423672105_c3aa4b1d13_o-1024x699.jpg 1024w, http:\/\/www.ld-velikelasce.si\/wp-content\/uploads\/2014\/09\/4423672105_c3aa4b1d13_o-300x204.jpg 300w, http:\/\/www.ld-velikelasce.si\/wp-content\/uploads\/2014\/09\/4423672105_c3aa4b1d13_o-619x422.jpg 619w, http:\/\/www.ld-velikelasce.si\/wp-content\/uploads\/2014\/09\/4423672105_c3aa4b1d13_o.jpg 1589w\" sizes=\"(max-width: 660px) 100vw, 660px\" \/><\/a><p id=\"caption-attachment-553\" class=\"wp-caption-text\">Volk (foto: M. Krofel)<\/p><\/div>\n<p>VIR: <a href=\"http:\/\/www.lovska-zveza.si\" target=\"_blank\">LZS<\/a><\/p>\n","protected":false},"excerpt":{"rendered":"<p>Opis Volk je najve\u010dji predstavnik dru\u017eine psov. Njegov gobec je koni\u010dast, o\u010di po\u0161evne, uhlji pa razmeroma veliki in pokon\u010dni. Vrat in prsi ima zelo mo\u010dne. Rep je kraj\u0161i od polovice trupa z glavo, nosi pa pove\u0161enega. Ko\u017euh je rumeno rjav s sivim nadihom. V zimski dlaki so sivi toni bolj izra\u017eeni. Za razliko od psa [&hellip;]<\/p>\n","protected":false},"author":1,"featured_media":0,"parent":134,"menu_order":2,"comment_status":"closed","ping_status":"closed","template":"","meta":{"footnotes":""},"_links":{"self":[{"href":"http:\/\/www.ld-velikelasce.si\/index.php?rest_route=\/wp\/v2\/pages\/272"}],"collection":[{"href":"http:\/\/www.ld-velikelasce.si\/index.php?rest_route=\/wp\/v2\/pages"}],"about":[{"href":"http:\/\/www.ld-velikelasce.si\/index.php?rest_route=\/wp\/v2\/types\/page"}],"author":[{"embeddable":true,"href":"http:\/\/www.ld-velikelasce.si\/index.php?rest_route=\/wp\/v2\/users\/1"}],"replies":[{"embeddable":true,"href":"http:\/\/www.ld-velikelasce.si\/index.php?rest_route=%2Fwp%2Fv2%2Fcomments&post=272"}],"version-history":[{"count":8,"href":"http:\/\/www.ld-velikelasce.si\/index.php?rest_route=\/wp\/v2\/pages\/272\/revisions"}],"predecessor-version":[{"id":774,"href":"http:\/\/www.ld-velikelasce.si\/index.php?rest_route=\/wp\/v2\/pages\/272\/revisions\/774"}],"up":[{"embeddable":true,"href":"http:\/\/www.ld-velikelasce.si\/index.php?rest_route=\/wp\/v2\/pages\/134"}],"wp:attachment":[{"href":"http:\/\/www.ld-velikelasce.si\/index.php?rest_route=%2Fwp%2Fv2%2Fmedia&parent=272"}],"curies":[{"name":"wp","href":"https:\/\/api.w.org\/{rel}","templated":true}]}}