{"id":274,"date":"2014-09-03T19:15:21","date_gmt":"2014-09-03T17:15:21","guid":{"rendered":"http:\/\/www.ld-velikelasce.si\/?page_id=274"},"modified":"2015-03-13T15:21:22","modified_gmt":"2015-03-13T14:21:22","slug":"divja-macka","status":"publish","type":"page","link":"http:\/\/www.ld-velikelasce.si\/?page_id=274","title":{"rendered":"Divja ma\u010dka"},"content":{"rendered":"<div id=\"attachment_558\" style=\"width: 310px\" class=\"wp-caption alignright\"><a href=\"http:\/\/www.ld-velikelasce.si\/wp-content\/uploads\/2014\/09\/2090836873_b674b48a31_o.jpg\"><img loading=\"lazy\" decoding=\"async\" aria-describedby=\"caption-attachment-558\" class=\"wp-image-558 size-medium\" src=\"http:\/\/www.ld-velikelasce.si\/wp-content\/uploads\/2014\/09\/2090836873_b674b48a31_o-300x210.jpg\" alt=\"\" width=\"300\" height=\"210\" srcset=\"http:\/\/www.ld-velikelasce.si\/wp-content\/uploads\/2014\/09\/2090836873_b674b48a31_o-300x210.jpg 300w, http:\/\/www.ld-velikelasce.si\/wp-content\/uploads\/2014\/09\/2090836873_b674b48a31_o-619x434.jpg 619w, http:\/\/www.ld-velikelasce.si\/wp-content\/uploads\/2014\/09\/2090836873_b674b48a31_o.jpg 751w\" sizes=\"(max-width: 300px) 100vw, 300px\" \/><\/a><p id=\"caption-attachment-558\" class=\"wp-caption-text\">Divja ma\u010dka (foto: M. Krofel)<\/p><\/div>\n<p><strong>Opis<\/strong><br \/>\nDivja ma\u010dka je nekoliko podobna doma\u010di ma\u010dki, vendar je od nje ve\u010dja, krepkej\u0161a in ima rep debelej\u0161i ter kraj\u0161i. V dol\u017eino zraste do 80 cm (brez repa) in ima rep dolg do 30 cm. Visoka je do 42 cm in dose\u017ee te\u017eo do 9 kg. Dlaka je dolga in gosta. Po hrbtu te\u010de \u010drna proga od katere se vejajo stranske proge. Barva dlake pri samcih je bledo siva ali pa \u010drno siva, pri samicah pa rumenkasto siva. Konica repa je \u010drna.<\/p>\n<div id=\"node-407\" class=\"node  node-page clear-block\">\n<div class=\"content clear-block\">\n<p><strong>\u017divljenje<\/strong><br \/>\nDivja ma\u010dka je no\u010dna \u017eival. Preko dneva po\u010diva in se greje na toplem soncu. Pono\u010di se odpravi na lov. Po gozdu se giblje nesli\u0161no, na plen pa lahko potrpe\u017eljivo \u010daka v zasedi. Lovi mi\u0161i, zajce, kunce, gozdne kure, podlasice, veverice in druge manj\u0161e \u017eivali. Loti se tudi srnjih mladi\u010dev, \u010de pa je v bli\u017eini voda, pa lovi ribe. Divja ma\u010dka se pari februarja. To je edini del leta, ko se divje ma\u010dke dru\u017eijo, saj so samotarske in teritorialne \u017eivali. Svoj teritorij ozna\u010dujejo z izlo\u010dki iz di\u0161avnih \u017elez in ga branijo pred drugimi ma\u010dkami. Breja samica si poi\u0161\u010de prazno jazbino, lisi\u010dino, skalno \u0161pranjo ali votlo drevo, kjer si uredi prostor za mladi\u010de. Po devetih tednih, obi\u010dajno maja, se skoti od 2 do 6 slepih mladi\u010dev, ki sesajo 4 mesece. Mladi\u010di se radi igrajo in plezajo po grmih in drevesih. V primeru nevarnosti splezajo med veje, kjer se potuhnejo tik ob vejo, da so \u010dim bolj neopazni.<\/p>\n<p><strong>\u017divljenski prostor<br \/>\n<\/strong>\u017divljenjski prostor divje ma\u010dke so samotni listnati, iglasti in me\u0161ani gozdovi. Pogosto se naseli na skalnatem obmo\u010dju gozda, kjer ima dovolj skrivali\u0161\u010d. \u010cloveku in \u010dlove\u0161kim bivali\u0161\u010dem se izogiba.<\/p>\n<div id=\"attachment_559\" style=\"width: 810px\" class=\"wp-caption alignright\"><a href=\"http:\/\/www.ld-velikelasce.si\/wp-content\/uploads\/2014\/09\/2923321461_1ba15e777d_o.jpg\"><img loading=\"lazy\" decoding=\"async\" aria-describedby=\"caption-attachment-559\" class=\"wp-image-559 size-full\" src=\"http:\/\/www.ld-velikelasce.si\/wp-content\/uploads\/2014\/09\/2923321461_1ba15e777d_o.jpg\" alt=\"\" width=\"800\" height=\"576\" srcset=\"http:\/\/www.ld-velikelasce.si\/wp-content\/uploads\/2014\/09\/2923321461_1ba15e777d_o.jpg 800w, http:\/\/www.ld-velikelasce.si\/wp-content\/uploads\/2014\/09\/2923321461_1ba15e777d_o-300x216.jpg 300w, http:\/\/www.ld-velikelasce.si\/wp-content\/uploads\/2014\/09\/2923321461_1ba15e777d_o-619x445.jpg 619w\" sizes=\"(max-width: 800px) 100vw, 800px\" \/><\/a><p id=\"caption-attachment-559\" class=\"wp-caption-text\">Na lovu (foto: M. Krofel)<\/p><\/div>\n<p><strong>Raz\u0161irjenost<\/strong><br \/>\nDivja ma\u010dka \u017eivi v Evropi, savanah Afrike in v jugozahodni Afriki. Svoje domovanje ima tudi v Sloveniji, kjer je za\u0161\u010ditena \u017eivalska vrsta. Najpogostej\u0161a je na Notranjskem, ju\u017enem Dolenjskem in na obmo\u010dju Slovenskega primorja, svoje domovanje pa si najde tudi v drugih delih.<\/p>\n<p><strong>Status<\/strong><br \/>\nZavarovana.<\/p>\n<p>&nbsp;<\/p>\n<p>&nbsp;<\/p>\n<\/div>\n<\/div>\n","protected":false},"excerpt":{"rendered":"<p>Opis Divja ma\u010dka je nekoliko podobna doma\u010di ma\u010dki, vendar je od nje ve\u010dja, krepkej\u0161a in ima rep debelej\u0161i ter kraj\u0161i. V dol\u017eino zraste do 80 cm (brez repa) in ima rep dolg do 30 cm. Visoka je do 42 cm in dose\u017ee te\u017eo do 9 kg. Dlaka je dolga in gosta. Po hrbtu te\u010de \u010drna [&hellip;]<\/p>\n","protected":false},"author":1,"featured_media":0,"parent":134,"menu_order":3,"comment_status":"closed","ping_status":"closed","template":"","meta":{"footnotes":""},"_links":{"self":[{"href":"http:\/\/www.ld-velikelasce.si\/index.php?rest_route=\/wp\/v2\/pages\/274"}],"collection":[{"href":"http:\/\/www.ld-velikelasce.si\/index.php?rest_route=\/wp\/v2\/pages"}],"about":[{"href":"http:\/\/www.ld-velikelasce.si\/index.php?rest_route=\/wp\/v2\/types\/page"}],"author":[{"embeddable":true,"href":"http:\/\/www.ld-velikelasce.si\/index.php?rest_route=\/wp\/v2\/users\/1"}],"replies":[{"embeddable":true,"href":"http:\/\/www.ld-velikelasce.si\/index.php?rest_route=%2Fwp%2Fv2%2Fcomments&post=274"}],"version-history":[{"count":6,"href":"http:\/\/www.ld-velikelasce.si\/index.php?rest_route=\/wp\/v2\/pages\/274\/revisions"}],"predecessor-version":[{"id":720,"href":"http:\/\/www.ld-velikelasce.si\/index.php?rest_route=\/wp\/v2\/pages\/274\/revisions\/720"}],"up":[{"embeddable":true,"href":"http:\/\/www.ld-velikelasce.si\/index.php?rest_route=\/wp\/v2\/pages\/134"}],"wp:attachment":[{"href":"http:\/\/www.ld-velikelasce.si\/index.php?rest_route=%2Fwp%2Fv2%2Fmedia&parent=274"}],"curies":[{"name":"wp","href":"https:\/\/api.w.org\/{rel}","templated":true}]}}