{"id":305,"date":"2014-09-12T09:28:43","date_gmt":"2014-09-12T07:28:43","guid":{"rendered":"http:\/\/www.ld-velikelasce.si\/?page_id=305"},"modified":"2026-04-07T07:49:31","modified_gmt":"2026-04-07T05:49:31","slug":"organi-ld","status":"publish","type":"page","link":"http:\/\/www.ld-velikelasce.si\/?page_id=305","title":{"rendered":"Organi LD"},"content":{"rendered":"<p><strong><span style=\"text-decoration: underline;\">MANDAT 2026-2030<\/span><\/strong><\/p>\n<p><em><strong>UPRAVNI ODBOR<\/strong><\/em><\/p>\n<ul>\n<li>Klemen Ahac, stare\u0161ina<\/li>\n<li>Tilen Dol\u0161ak, gospodar<\/li>\n<li>Branko Indihar, <em>tajnik<\/em><\/li>\n<li>Sre\u010dko Devjak Ml., <em>blagajnik<\/em><\/li>\n<li>Bine Devjak<em>,\u00a0 predsednik Komisije za kadre, izobra\u017eevanje, turizem in informacije<\/em><\/li>\n<li>Bojan Indihar, <em>predsednik Kinolo\u0161ke komisije<\/em><\/li>\n<li>Igor Tehovnik, <em>predsednik Strelske komisije<\/em><\/li>\n<li>Milan \u0160ilc, <em>oskrbnik lovskega doma<\/em><\/li>\n<\/ul>\n<p><em><strong>NADZORNI ODBOR<\/strong><\/em><\/p>\n<ul>\n<li>Sre\u010dko Devjak, <em>predsednik<\/em><\/li>\n<\/ul>\n<ul>\n<li>Alojz Venturini,<em> \u010dlan<\/em><\/li>\n<\/ul>\n<ul>\n<li>Franci Zakraj\u0161ek Ml., <em>\u010dlan<\/em><\/li>\n<\/ul>\n","protected":false},"excerpt":{"rendered":"<p>MANDAT 2026-2030 UPRAVNI ODBOR Klemen Ahac, stare\u0161ina Tilen Dol\u0161ak, gospodar Branko Indihar, tajnik Sre\u010dko Devjak Ml., blagajnik Bine Devjak,\u00a0 predsednik Komisije za kadre, izobra\u017eevanje, turizem in informacije Bojan Indihar, predsednik Kinolo\u0161ke komisije Igor Tehovnik, predsednik Strelske komisije Milan \u0160ilc, oskrbnik lovskega doma NADZORNI ODBOR Sre\u010dko Devjak, predsednik Alojz Venturini, \u010dlan Franci Zakraj\u0161ek Ml., \u010dlan<\/p>\n","protected":false},"author":1,"featured_media":0,"parent":125,"menu_order":2,"comment_status":"closed","ping_status":"closed","template":"","meta":{"footnotes":""},"_links":{"self":[{"href":"http:\/\/www.ld-velikelasce.si\/index.php?rest_route=\/wp\/v2\/pages\/305"}],"collection":[{"href":"http:\/\/www.ld-velikelasce.si\/index.php?rest_route=\/wp\/v2\/pages"}],"about":[{"href":"http:\/\/www.ld-velikelasce.si\/index.php?rest_route=\/wp\/v2\/types\/page"}],"author":[{"embeddable":true,"href":"http:\/\/www.ld-velikelasce.si\/index.php?rest_route=\/wp\/v2\/users\/1"}],"replies":[{"embeddable":true,"href":"http:\/\/www.ld-velikelasce.si\/index.php?rest_route=%2Fwp%2Fv2%2Fcomments&post=305"}],"version-history":[{"count":21,"href":"http:\/\/www.ld-velikelasce.si\/index.php?rest_route=\/wp\/v2\/pages\/305\/revisions"}],"predecessor-version":[{"id":1133,"href":"http:\/\/www.ld-velikelasce.si\/index.php?rest_route=\/wp\/v2\/pages\/305\/revisions\/1133"}],"up":[{"embeddable":true,"href":"http:\/\/www.ld-velikelasce.si\/index.php?rest_route=\/wp\/v2\/pages\/125"}],"wp:attachment":[{"href":"http:\/\/www.ld-velikelasce.si\/index.php?rest_route=%2Fwp%2Fv2%2Fmedia&parent=305"}],"curies":[{"name":"wp","href":"https:\/\/api.w.org\/{rel}","templated":true}]}}