{"id":427,"date":"2015-02-10T10:15:03","date_gmt":"2015-02-10T09:15:03","guid":{"rendered":"http:\/\/www.ld-velikelasce.si\/?page_id=427"},"modified":"2015-08-17T11:59:57","modified_gmt":"2015-08-17T09:59:57","slug":"dela-v-loviscu","status":"publish","type":"page","link":"http:\/\/www.ld-velikelasce.si\/?page_id=427","title":{"rendered":"Dela v lovi\u0161\u010du in lovski objekti"},"content":{"rendered":"<p>Dela v lovi\u0161\u010du, ki jih opravljajo lovci LD Velike La\u0161\u010de, obsegajo tako ukrepe za izbolj\u0161anje \u017eivljenskih razmer divjadi kot tudi dela v okviru neposrednih izbolj\u0161av prehranskih danosti za divjad.<\/p>\n<p>Najpomembnej\u0161i ukrepi v lovi\u0161\u010du so ohranjanje in vzdr\u017eevanje pasi\u0161\u010d, grmi\u0161\u010d, gozdnega roba ter sajenje plodonosnega drevja.<\/p>\n<div id=\"attachment_653\" style=\"width: 310px\" class=\"wp-caption alignright\"><a href=\"http:\/\/www.ld-velikelasce.si\/wp-content\/uploads\/2015\/02\/IMG_1208.jpg\"><img loading=\"lazy\" decoding=\"async\" aria-describedby=\"caption-attachment-653\" class=\"wp-image-653 size-medium\" src=\"http:\/\/www.ld-velikelasce.si\/wp-content\/uploads\/2015\/02\/IMG_1208-300x225.jpg\" alt=\"Vzdr\u017eevanje grmi\u0161\u010d\" width=\"300\" height=\"225\" srcset=\"http:\/\/www.ld-velikelasce.si\/wp-content\/uploads\/2015\/02\/IMG_1208-300x225.jpg 300w, http:\/\/www.ld-velikelasce.si\/wp-content\/uploads\/2015\/02\/IMG_1208-1024x768.jpg 1024w, http:\/\/www.ld-velikelasce.si\/wp-content\/uploads\/2015\/02\/IMG_1208-619x464.jpg 619w, http:\/\/www.ld-velikelasce.si\/wp-content\/uploads\/2015\/02\/IMG_1208.jpg 1600w\" sizes=\"(max-width: 300px) 100vw, 300px\" \/><\/a><p id=\"caption-attachment-653\" class=\"wp-caption-text\">Vzdr\u017eevanje grmi\u0161\u010d<\/p><\/div>\n<p>V lovi\u0161\u010du lovci LD Velike La\u0161\u010de vsako leto vzdr\u017eujemo 12 ha te\u017eje dostopnih travnikov in gozdnih jas, kar obsega ro\u010dno in strojno ko\u0161njo ter spravilo sena z odvozom.<\/p>\n<div id=\"attachment_818\" style=\"width: 310px\" class=\"wp-caption alignright\"><a href=\"http:\/\/www.ld-velikelasce.si\/wp-content\/uploads\/2015\/02\/WP_20150705_003.jpg\"><img loading=\"lazy\" decoding=\"async\" aria-describedby=\"caption-attachment-818\" class=\"wp-image-818 size-medium\" src=\"http:\/\/www.ld-velikelasce.si\/wp-content\/uploads\/2015\/02\/WP_20150705_003-300x169.jpg\" alt=\"WP_20150705_003\" width=\"300\" height=\"169\" srcset=\"http:\/\/www.ld-velikelasce.si\/wp-content\/uploads\/2015\/02\/WP_20150705_003-300x169.jpg 300w, http:\/\/www.ld-velikelasce.si\/wp-content\/uploads\/2015\/02\/WP_20150705_003-1024x576.jpg 1024w, http:\/\/www.ld-velikelasce.si\/wp-content\/uploads\/2015\/02\/WP_20150705_003-619x348.jpg 619w, http:\/\/www.ld-velikelasce.si\/wp-content\/uploads\/2015\/02\/WP_20150705_003.jpg 1065w\" sizes=\"(max-width: 300px) 100vw, 300px\" \/><\/a><p id=\"caption-attachment-818\" class=\"wp-caption-text\">Ko\u0161nja in spravilo sena<\/p><\/div>\n<p>Dodatno se vsako leto vzdr\u017euje okvirno 3 ha pasi\u0161\u010d za divjad, izvaja gnojenje travnikov in pa\u0161nikov, vzdr\u017euje grmi\u0161\u010da ter gozdni rob, sadi plodonosno drevje ter vzdr\u017euje skupno 9 kalu\u017e.<\/p>\n<div id=\"attachment_654\" style=\"width: 670px\" class=\"wp-caption alignright\"><a href=\"http:\/\/www.ld-velikelasce.si\/wp-content\/uploads\/2015\/02\/IMG_1214.jpg\"><img loading=\"lazy\" decoding=\"async\" aria-describedby=\"caption-attachment-654\" class=\"wp-image-654 size-large\" src=\"http:\/\/www.ld-velikelasce.si\/wp-content\/uploads\/2015\/02\/IMG_1214-1024x768.jpg\" alt=\"Vzdr\u017eevanje pasi\u0161\u010d za divjad\" width=\"660\" height=\"495\" srcset=\"http:\/\/www.ld-velikelasce.si\/wp-content\/uploads\/2015\/02\/IMG_1214-1024x768.jpg 1024w, http:\/\/www.ld-velikelasce.si\/wp-content\/uploads\/2015\/02\/IMG_1214-300x225.jpg 300w, http:\/\/www.ld-velikelasce.si\/wp-content\/uploads\/2015\/02\/IMG_1214-619x464.jpg 619w, http:\/\/www.ld-velikelasce.si\/wp-content\/uploads\/2015\/02\/IMG_1214.jpg 1600w\" sizes=\"(max-width: 660px) 100vw, 660px\" \/><\/a><p id=\"caption-attachment-654\" class=\"wp-caption-text\">Vzdr\u017eevanje pasi\u0161\u010d za divjad<\/p><\/div>\n<p>V lovi\u0161\u010du se na 6 krmi\u0161\u010dih izvaja zimsko krmljenje ter na 13 krmi\u0161\u010dih privabljalno krmljenje divjadi. Krmi\u0161\u010da se zalaga s senom, koruzo, krmno peso in sadjem. Krmljenje se izvaja za jelenjad ter divjega pra\u0161i\u010da, zalagamo pa tudi krmi\u0161\u010de, namenjeno monitoringu zveri, predvsem rjavega medveda.<\/p>\n<p>Lovska dru\u017eina tudi vzdr\u017euje in obdeluje 5 krmnih njiv, na katerih se prideluje krmni ohrovt, topinabur, krmna pesa ter oves.<\/p>\n<div id=\"attachment_817\" style=\"width: 310px\" class=\"wp-caption alignright\"><a href=\"http:\/\/www.ld-velikelasce.si\/wp-content\/uploads\/2015\/02\/WP_20150628_003.jpg\"><img loading=\"lazy\" decoding=\"async\" aria-describedby=\"caption-attachment-817\" class=\"wp-image-817 size-medium\" src=\"http:\/\/www.ld-velikelasce.si\/wp-content\/uploads\/2015\/02\/WP_20150628_003-300x169.jpg\" alt=\"WP_20150628_003\" width=\"300\" height=\"169\" srcset=\"http:\/\/www.ld-velikelasce.si\/wp-content\/uploads\/2015\/02\/WP_20150628_003-300x169.jpg 300w, http:\/\/www.ld-velikelasce.si\/wp-content\/uploads\/2015\/02\/WP_20150628_003-1024x576.jpg 1024w, http:\/\/www.ld-velikelasce.si\/wp-content\/uploads\/2015\/02\/WP_20150628_003-619x348.jpg 619w, http:\/\/www.ld-velikelasce.si\/wp-content\/uploads\/2015\/02\/WP_20150628_003.jpg 1065w\" sizes=\"(max-width: 300px) 100vw, 300px\" \/><\/a><p id=\"caption-attachment-817\" class=\"wp-caption-text\">Krmna njiva<\/p><\/div>\n<p>Lovska dru\u017eina Velike La\u0161\u010de vzdr\u017euje 70 pre\u017e v lovi\u0161\u010du. Vsako pomlad lovci zalo\u017eijo okvirno 230 solnic.<\/p>\n<p>V lovi\u0161\u010du imamo tri bivake in sicer na Gornjih Kali\u0161\u010dih ter v letu 2013 novo zgrajen bivak na Dolgem repu. Zasilni bivak je postavljen tudi v Pugledu.<\/p>\n<p>Osrednji objekt LD Velike La\u0161\u010de je lovski dom na Retenjskih seno\u017eetih.<\/p>\n<div id=\"attachment_484\" style=\"width: 235px\" class=\"wp-caption alignright\"><a href=\"http:\/\/www.ld-velikelasce.si\/wp-content\/uploads\/2015\/02\/20150203_1644151-e1423654413306.jpg\"><img loading=\"lazy\" decoding=\"async\" aria-describedby=\"caption-attachment-484\" class=\"wp-image-484 size-medium\" src=\"http:\/\/www.ld-velikelasce.si\/wp-content\/uploads\/2015\/02\/20150203_1644151-e1423654413306-225x300.jpg\" alt=\"Pre\u017ea Kladje\" width=\"225\" height=\"300\" srcset=\"http:\/\/www.ld-velikelasce.si\/wp-content\/uploads\/2015\/02\/20150203_1644151-e1423654413306-225x300.jpg 225w, http:\/\/www.ld-velikelasce.si\/wp-content\/uploads\/2015\/02\/20150203_1644151-e1423654413306-768x1024.jpg 768w, http:\/\/www.ld-velikelasce.si\/wp-content\/uploads\/2015\/02\/20150203_1644151-e1423654413306-619x825.jpg 619w, http:\/\/www.ld-velikelasce.si\/wp-content\/uploads\/2015\/02\/20150203_1644151-e1423654413306.jpg 1920w\" sizes=\"(max-width: 225px) 100vw, 225px\" \/><\/a><p id=\"caption-attachment-484\" class=\"wp-caption-text\">Pre\u017ea Kladje<\/p><\/div>\n<div id=\"attachment_923\" style=\"width: 310px\" class=\"wp-caption alignleft\"><a href=\"http:\/\/www.ld-velikelasce.si\/wp-content\/uploads\/2015\/02\/IZLET-NA-KORO\u0160KEM-046.jpg\"><img loading=\"lazy\" decoding=\"async\" aria-describedby=\"caption-attachment-923\" class=\"wp-image-923 size-medium\" src=\"http:\/\/www.ld-velikelasce.si\/wp-content\/uploads\/2015\/02\/IZLET-NA-KORO\u0160KEM-046-300x225.jpg\" alt=\"Krmne jasli\" width=\"300\" height=\"225\" srcset=\"http:\/\/www.ld-velikelasce.si\/wp-content\/uploads\/2015\/02\/IZLET-NA-KORO\u0160KEM-046-300x225.jpg 300w, http:\/\/www.ld-velikelasce.si\/wp-content\/uploads\/2015\/02\/IZLET-NA-KORO\u0160KEM-046-619x464.jpg 619w, http:\/\/www.ld-velikelasce.si\/wp-content\/uploads\/2015\/02\/IZLET-NA-KORO\u0160KEM-046.jpg 1024w\" sizes=\"(max-width: 300px) 100vw, 300px\" \/><\/a><p id=\"caption-attachment-923\" class=\"wp-caption-text\">Krmne jasli<\/p><\/div>\n<p>&nbsp;<\/p>\n","protected":false},"excerpt":{"rendered":"<p>Dela v lovi\u0161\u010du, ki jih opravljajo lovci LD Velike La\u0161\u010de, obsegajo tako ukrepe za izbolj\u0161anje \u017eivljenskih razmer divjadi kot tudi dela v okviru neposrednih izbolj\u0161av prehranskih danosti za divjad. Najpomembnej\u0161i ukrepi v lovi\u0161\u010du so ohranjanje in vzdr\u017eevanje pasi\u0161\u010d, grmi\u0161\u010d, gozdnega roba ter sajenje plodonosnega drevja. V lovi\u0161\u010du lovci LD Velike La\u0161\u010de vsako leto vzdr\u017eujemo 12 [&hellip;]<\/p>\n","protected":false},"author":1,"featured_media":0,"parent":130,"menu_order":1,"comment_status":"closed","ping_status":"closed","template":"","meta":{"footnotes":""},"_links":{"self":[{"href":"http:\/\/www.ld-velikelasce.si\/index.php?rest_route=\/wp\/v2\/pages\/427"}],"collection":[{"href":"http:\/\/www.ld-velikelasce.si\/index.php?rest_route=\/wp\/v2\/pages"}],"about":[{"href":"http:\/\/www.ld-velikelasce.si\/index.php?rest_route=\/wp\/v2\/types\/page"}],"author":[{"embeddable":true,"href":"http:\/\/www.ld-velikelasce.si\/index.php?rest_route=\/wp\/v2\/users\/1"}],"replies":[{"embeddable":true,"href":"http:\/\/www.ld-velikelasce.si\/index.php?rest_route=%2Fwp%2Fv2%2Fcomments&post=427"}],"version-history":[{"count":52,"href":"http:\/\/www.ld-velikelasce.si\/index.php?rest_route=\/wp\/v2\/pages\/427\/revisions"}],"predecessor-version":[{"id":926,"href":"http:\/\/www.ld-velikelasce.si\/index.php?rest_route=\/wp\/v2\/pages\/427\/revisions\/926"}],"up":[{"embeddable":true,"href":"http:\/\/www.ld-velikelasce.si\/index.php?rest_route=\/wp\/v2\/pages\/130"}],"wp:attachment":[{"href":"http:\/\/www.ld-velikelasce.si\/index.php?rest_route=%2Fwp%2Fv2%2Fmedia&parent=427"}],"curies":[{"name":"wp","href":"https:\/\/api.w.org\/{rel}","templated":true}]}}