{"id":723,"date":"2015-03-13T15:25:38","date_gmt":"2015-03-13T14:25:38","guid":{"rendered":"http:\/\/www.ld-velikelasce.si\/?page_id=723"},"modified":"2026-04-06T20:38:14","modified_gmt":"2026-04-06T18:38:14","slug":"kontakti-ld","status":"publish","type":"page","link":"http:\/\/www.ld-velikelasce.si\/?page_id=723","title":{"rendered":"Kontakti LD"},"content":{"rendered":"<p><strong>STARE\u0160INA<br \/>\n<\/strong><\/p>\n<p>Klemen Ahac tel.: 051 343 011<\/p>\n<p><b>GOSPODAR<\/b><\/p>\n<p>Tilen Dol\u0161ak<\/p>\n<p><strong>VODJE REVIRJEV IN LOVSKO \u010cUVAJSKA SLU\u017dBA<\/strong><\/p>\n<p>LA\u0160KI GOZD:<\/p>\n<ul>\n<li>Marko Tepej, <em>vodja revirja<\/em><\/li>\n<li><em>Roman Jakli\u010d, lovski \u010duvaj<\/em><\/li>\n<\/ul>\n<p>KAKAVE:<\/p>\n<ul>\n<li><em>Sre\u010dko Devjak Ml.,<\/em>\u00a0<em>vodja revirja<\/em><\/li>\n<li>Simon Belaj, lovski \u010duvaj<\/li>\n<\/ul>\n<p>KALI\u0160\u010cE:<\/p>\n<ul>\n<li>Franci Zakraj\u0161ek Ml., <em>vodja revirja<\/em><\/li>\n<li>Franci Zakraj\u0161ek,<em> lovski \u010duvaj<\/em><\/li>\n<\/ul>\n<p>KARLOVICA:<\/p>\n<ul>\n<li>Franc Zakraj\u0161ek, <em>vodja revirja in lovski \u010duvaj<\/em><\/li>\n<\/ul>\n<p>SLEMENA:<\/p>\n<ul>\n<li>Simon Belaj, <em>vodja revirja in <\/em><em>lovski \u010duvaj<\/em><\/li>\n<\/ul>\n<p>HRIBI:<\/p>\n<ul>\n<li>Roman Jakli\u010d,<em> vodja revirja in<\/em> <em>lovski \u010duvaj<\/em><\/li>\n<\/ul>\n<p><strong>OCENJEVANJE \u0160KODE PO IN NA DIVJADI<br \/>\n<\/strong><\/p>\n<ul>\n<li><a href=\"mailto:lovskadruzinavelikelasce@gmail.com\">lovskadruzinavelikelasce@gmail.com<\/a><\/li>\n<\/ul>\n<p><strong>OSKRBNIK LOVSKEGA DOMA<br \/>\n<\/strong><\/p>\n<ul>\n<li>Milan \u0160ilc (gsm: 041 647 601)<\/li>\n<\/ul>\n","protected":false},"excerpt":{"rendered":"<p>STARE\u0160INA Klemen Ahac tel.: 051 343 011 GOSPODAR Tilen Dol\u0161ak VODJE REVIRJEV IN LOVSKO \u010cUVAJSKA SLU\u017dBA LA\u0160KI GOZD: Marko Tepej, vodja revirja Roman Jakli\u010d, lovski \u010duvaj KAKAVE: Sre\u010dko Devjak Ml.,\u00a0vodja revirja Simon Belaj, lovski \u010duvaj KALI\u0160\u010cE: Franci Zakraj\u0161ek Ml., vodja revirja Franci Zakraj\u0161ek, lovski \u010duvaj KARLOVICA: Franc Zakraj\u0161ek, vodja revirja in lovski \u010duvaj SLEMENA: Simon [&hellip;]<\/p>\n","protected":false},"author":1,"featured_media":0,"parent":125,"menu_order":3,"comment_status":"closed","ping_status":"closed","template":"","meta":{"footnotes":""},"_links":{"self":[{"href":"http:\/\/www.ld-velikelasce.si\/index.php?rest_route=\/wp\/v2\/pages\/723"}],"collection":[{"href":"http:\/\/www.ld-velikelasce.si\/index.php?rest_route=\/wp\/v2\/pages"}],"about":[{"href":"http:\/\/www.ld-velikelasce.si\/index.php?rest_route=\/wp\/v2\/types\/page"}],"author":[{"embeddable":true,"href":"http:\/\/www.ld-velikelasce.si\/index.php?rest_route=\/wp\/v2\/users\/1"}],"replies":[{"embeddable":true,"href":"http:\/\/www.ld-velikelasce.si\/index.php?rest_route=%2Fwp%2Fv2%2Fcomments&post=723"}],"version-history":[{"count":22,"href":"http:\/\/www.ld-velikelasce.si\/index.php?rest_route=\/wp\/v2\/pages\/723\/revisions"}],"predecessor-version":[{"id":1132,"href":"http:\/\/www.ld-velikelasce.si\/index.php?rest_route=\/wp\/v2\/pages\/723\/revisions\/1132"}],"up":[{"embeddable":true,"href":"http:\/\/www.ld-velikelasce.si\/index.php?rest_route=\/wp\/v2\/pages\/125"}],"wp:attachment":[{"href":"http:\/\/www.ld-velikelasce.si\/index.php?rest_route=%2Fwp%2Fv2%2Fmedia&parent=723"}],"curies":[{"name":"wp","href":"https:\/\/api.w.org\/{rel}","templated":true}]}}