{"id":883,"date":"2015-07-08T12:14:58","date_gmt":"2015-07-08T10:14:58","guid":{"rendered":"http:\/\/www.ld-velikelasce.si\/?page_id=883"},"modified":"2023-07-18T06:42:19","modified_gmt":"2023-07-18T04:42:19","slug":"prijava-skode","status":"publish","type":"page","link":"http:\/\/www.ld-velikelasce.si\/?page_id=883","title":{"rendered":"Prijava \u0161kode"},"content":{"rendered":"<h4 style=\"text-align: justify;\"><strong>\u00a0SPLO\u0160NO O OD\u0160KODNINAH<br \/>\n<\/strong><\/h4>\n<ul style=\"text-align: justify;\">\n<li><strong>Divjad<\/strong> so lovne vrste prosto\u017eive\u010dih \u017eivali, dolo\u010dene v Uredbi o dolo\u010ditvi divjadi in lovnih dob (divji pra\u0161i\u010d, jelenjad, srnjad, lisica, kune, zajec, siva vrana, &#8230;)<\/li>\n<\/ul>\n<ul style=\"text-align: justify;\">\n<li><strong>Zavarovane vrste<\/strong> so zavarovane prosto\u017eive\u010de vrste, dolo\u010dene z Uredbo o zavarovanih prosto\u017eive\u010dih \u017eivalskih vrstah (rjavi medved, volk, ris, vse ptice, razen vrane, srake in \u0161oje).<\/li>\n<\/ul>\n<ul style=\"text-align: justify;\">\n<li><strong>Nelovne povr\u0161ine<\/strong> so vse povr\u0161ine, kjer je lov prepovedan: naselja, zaselki, ograjeni vrtovi in nasadi, &#8230;.<\/li>\n<\/ul>\n<ul style=\"text-align: justify;\">\n<li>Za \u0161kodo, ki jo povzro\u010di <strong>divjad na lovnih povr\u0161inah<\/strong>, so od\u0161kodninsko odgovorni upravljalci lovi\u0161\u010d &#8211; <strong>lovske dru\u017eine<\/strong>.<\/li>\n<\/ul>\n<ul style=\"text-align: justify;\">\n<li>Za \u0161kodo, ki jo povzro\u010di <strong>divjad na nelovnih povr\u0161inah<\/strong>, je od\u0161kodninsko odgovorna <strong>Republika Slovenija<\/strong>.<\/li>\n<\/ul>\n<ul style=\"text-align: justify;\">\n<li>Za \u0161kodo, ki jo povzro\u010dijo<strong> zavarovane vrste<\/strong>, je od\u0161kodninsko odgovorna <strong>Republika Slovenija<\/strong>.<\/li>\n<\/ul>\n<h4><strong>KONTAKTNE OSEBE LD VELIKE LA\u0160\u010cE<br \/>\n<\/strong><\/h4>\n<ul>\n<li><a href=\"mailto:lovskadruzinavelikelasce@gmail.com\">lovskadruzinavelikelasce@gmail.com<\/a><\/li>\n<li>Gregor Marolot (tel: 031\/802-755)<\/li>\n<li>Roman Jakli\u010d\u00a0(gsm: 041\/691-793)<\/li>\n<\/ul>\n<h4 style=\"text-align: justify;\"><\/h4>\n<h4 style=\"text-align: justify;\"><strong>POSTOPEK PRIJAVE \u0160KODE (Zakon o divjadi in lovstvu (Ur.l.RS \u0161t. 16\/2004), 56. \u010dlen)<\/strong><\/h4>\n<p style=\"text-align: justify;\"><strong><span style=\"text-decoration: underline;\">DIVJAD &#8211; LOVNE VRSTE NA LOVNIH POVR\u0160INAH<\/span><\/strong><\/p>\n<ul style=\"text-align: justify;\">\n<li>O\u0161kodovanec mora \u0161kodo <span style=\"text-decoration: underline;\">pisno prijaviti lovski dru\u017eini v 3 dneh<\/span>, ko je \u0161kodo opazil.<\/li>\n<\/ul>\n<p style=\"padding-left: 60px; text-align: justify;\"><a href=\"http:\/\/www.ld-velikelasce.si\/wp-content\/uploads\/2015\/07\/Prijava-\u0161kode-od-divjadi.pdf\">Prijava \u0161kode od divjadi &#8211; pdf<\/a><\/p>\n<p style=\"padding-left: 60px; text-align: justify;\"><a href=\"http:\/\/www.ld-velikelasce.si\/wp-content\/uploads\/2015\/07\/Prijava-\u0161kode-od-divjadi.docx\">Prijava \u0161kode od divjadi &#8211; doc<\/a><\/p>\n<ul style=\"text-align: justify;\">\n<li>V <span style=\"text-decoration: underline;\">8 dneh od prijave \u0161kode<\/span> se morata o\u0161kodovanec in <span style=\"text-decoration: underline;\">upravljalec lovi\u0161\u010da &#8211; lovska dru\u017eina<\/span> sporazumeti o vi\u0161ini \u0161kode.<\/li>\n<li>\u010ce do sporazuma ne pride, lahko o\u0161kodovanec <span style=\"text-decoration: underline;\">pisno prijavi \u0161kodo Komisiji v svojem lovsko upravljalskem obmo\u010dju.<\/span><\/li>\n<li>Komisija mora \u0161kodo oceniti najkasneje <span style=\"text-decoration: underline;\">v 15 dneh.<\/span><\/li>\n<li>\u010ce tudi na podlagi ocene komisije do sporazuma ne pride, lahko o\u0161kodovanec vlo\u017ei to\u017ebo pri pristojnem sodi\u0161\u010du.<\/li>\n<\/ul>\n<p style=\"text-align: justify;\"><strong><span style=\"text-decoration: underline;\">DIVJAD &#8211; LOVNE VRSTE NA NELOVNIH POVR\u0160INAH<\/span><\/strong><\/p>\n<ul style=\"text-align: justify;\">\n<li>O\u0161kodovanec mora \u0161kodo <span style=\"text-decoration: underline;\">pisno prijaviti Obmo\u010dni enoti Zavoda za gozdove Slovenije\u00a0 v 3 dneh<\/span>, ko je \u0161kodo opazil.<\/li>\n<li>V <span style=\"text-decoration: underline;\">8 dneh<\/span> od prijave \u0161kode se morata o\u0161kodovanec in<span style=\"text-decoration: underline;\"> Zavod za gozdove<\/span> sporazumeti o vi\u0161ini \u0161kode.<\/li>\n<li>\u010ce do sporazuma ne pride, lahko o\u0161kodovanec<span style=\"text-decoration: underline;\"> pisno prijavi \u0161kodo Ministrstvu za kmetijstvo, gozdarstvo in prehrano<\/span>.<\/li>\n<li>\u010ce tudi na podlagi ocene Ministrstva do sporazuma ne pride, lahko o\u0161kodovanec vlo\u017ei to\u017ebo pri pristojnem sodi\u0161\u010du.<\/li>\n<\/ul>\n<p style=\"text-align: justify;\"><strong><span style=\"text-decoration: underline;\">ZAVAROVANE VRSTE<\/span><\/strong><\/p>\n<ul>\n<li style=\"text-align: justify;\">O\u0161kodovanec mora \u0161kodo <span style=\"text-decoration: underline;\">pisno prijaviti Obmo\u010dni enoti Zavoda za gozdove Slovenije\u00a0 v 3 dneh<\/span>, ko je \u0161kodo opazil.<\/li>\n<li style=\"text-align: justify;\">V <span style=\"text-decoration: underline;\">2 dneh<\/span> od prijave \u0161kode mora <span style=\"text-decoration: underline;\">Zavod za gozdove opraviti ogled<\/span>, napisati zapisnik in <span style=\"text-decoration: underline;\">v 8 dneh <\/span>pripraviti sporazum o vi\u0161ini \u0161kode.<\/li>\n<li style=\"text-align: justify;\">\u010ce do sporazuma ne pride, lahko o\u0161kodovanec <span style=\"text-decoration: underline;\">v 30 dneh od nastanka \u0161kode pisno prijavi \u0161kodo Agenciji RS za okolje.<\/span><\/li>\n<li style=\"text-align: justify;\">\u010ce tudi na podlagi ocene Agencije RS za okolje do sporazuma ne pride, lahko o\u0161kodovanec vlo\u017ei to\u017ebo pri pristojnem sodi\u0161\u010du.<\/li>\n<\/ul>\n","protected":false},"excerpt":{"rendered":"<p>\u00a0SPLO\u0160NO O OD\u0160KODNINAH Divjad so lovne vrste prosto\u017eive\u010dih \u017eivali, dolo\u010dene v Uredbi o dolo\u010ditvi divjadi in lovnih dob (divji pra\u0161i\u010d, jelenjad, srnjad, lisica, kune, zajec, siva vrana, &#8230;) Zavarovane vrste so zavarovane prosto\u017eive\u010de vrste, dolo\u010dene z Uredbo o zavarovanih prosto\u017eive\u010dih \u017eivalskih vrstah (rjavi medved, volk, ris, vse ptice, razen vrane, srake in \u0161oje). Nelovne povr\u0161ine [&hellip;]<\/p>\n","protected":false},"author":1,"featured_media":0,"parent":125,"menu_order":4,"comment_status":"closed","ping_status":"closed","template":"","meta":{"footnotes":""},"_links":{"self":[{"href":"http:\/\/www.ld-velikelasce.si\/index.php?rest_route=\/wp\/v2\/pages\/883"}],"collection":[{"href":"http:\/\/www.ld-velikelasce.si\/index.php?rest_route=\/wp\/v2\/pages"}],"about":[{"href":"http:\/\/www.ld-velikelasce.si\/index.php?rest_route=\/wp\/v2\/types\/page"}],"author":[{"embeddable":true,"href":"http:\/\/www.ld-velikelasce.si\/index.php?rest_route=\/wp\/v2\/users\/1"}],"replies":[{"embeddable":true,"href":"http:\/\/www.ld-velikelasce.si\/index.php?rest_route=%2Fwp%2Fv2%2Fcomments&post=883"}],"version-history":[{"count":27,"href":"http:\/\/www.ld-velikelasce.si\/index.php?rest_route=\/wp\/v2\/pages\/883\/revisions"}],"predecessor-version":[{"id":1120,"href":"http:\/\/www.ld-velikelasce.si\/index.php?rest_route=\/wp\/v2\/pages\/883\/revisions\/1120"}],"up":[{"embeddable":true,"href":"http:\/\/www.ld-velikelasce.si\/index.php?rest_route=\/wp\/v2\/pages\/125"}],"wp:attachment":[{"href":"http:\/\/www.ld-velikelasce.si\/index.php?rest_route=%2Fwp%2Fv2%2Fmedia&parent=883"}],"curies":[{"name":"wp","href":"https:\/\/api.w.org\/{rel}","templated":true}]}}