{"id":989,"date":"2022-02-26T19:24:35","date_gmt":"2022-02-26T18:24:35","guid":{"rendered":"http:\/\/www.ld-velikelasce.si\/?page_id=989"},"modified":"2022-02-27T19:40:16","modified_gmt":"2022-02-27T18:40:16","slug":"clanstvo","status":"publish","type":"page","link":"http:\/\/www.ld-velikelasce.si\/?page_id=989","title":{"rendered":"\u010clanstvo"},"content":{"rendered":"<p><a href=\"http:\/\/www.ld-velikelasce.si\/wp-content\/uploads\/2022\/02\/2016-zadnja-jaga-DSC_0625.jpg\"><img loading=\"lazy\" decoding=\"async\" class=\"aligncenter size-large wp-image-1048\" src=\"http:\/\/www.ld-velikelasce.si\/wp-content\/uploads\/2022\/02\/2016-zadnja-jaga-DSC_0625-1024x681.jpg\" alt=\"2016 zadnja jaga DSC_0625\" width=\"660\" height=\"439\" srcset=\"http:\/\/www.ld-velikelasce.si\/wp-content\/uploads\/2022\/02\/2016-zadnja-jaga-DSC_0625-1024x681.jpg 1024w, http:\/\/www.ld-velikelasce.si\/wp-content\/uploads\/2022\/02\/2016-zadnja-jaga-DSC_0625-300x199.jpg 300w, http:\/\/www.ld-velikelasce.si\/wp-content\/uploads\/2022\/02\/2016-zadnja-jaga-DSC_0625-619x412.jpg 619w\" sizes=\"(max-width: 660px) 100vw, 660px\" \/><\/a><\/p>\n<p>&nbsp;<\/p>\n<p><strong>Tabela : \u010clanstvo, spolna sestava, povpre\u010dna starost in novi \u010dlani<\/strong><\/p>\n<table style=\"height: 792px;\" width=\"450\">\n<tbody>\n<tr>\n<td width=\"129\"><strong>Datum &#8211; zadnji dan leta<\/strong><\/td>\n<td width=\"64\"><strong>Skupaj<\/strong><\/td>\n<td width=\"63\"><strong>Mo\u0161ki<\/strong><\/td>\n<td width=\"73\"><strong>\u017denske<\/strong><\/td>\n<td width=\"90\"><strong>Povpre\u010dna starost (let)<\/strong><\/td>\n<\/tr>\n<tr>\n<td width=\"129\">Leto 2011<\/td>\n<td width=\"64\">\u00a050<\/td>\n<td width=\"63\">\u00a047<\/td>\n<td width=\"73\">\u00a03<\/td>\n<td width=\"90\">\u00a060,7<\/td>\n<\/tr>\n<tr>\n<td width=\"129\">Leto 2012<\/td>\n<td width=\"64\">\u00a052<\/td>\n<td width=\"63\">\u00a049<\/td>\n<td width=\"73\">\u00a03<\/td>\n<td width=\"90\">\u00a059,0<\/td>\n<\/tr>\n<tr>\n<td width=\"129\">Leto 2013<\/td>\n<td width=\"64\">\u00a054<\/td>\n<td width=\"63\">\u00a051<\/td>\n<td width=\"73\">\u00a03<\/td>\n<td width=\"90\">\u00a058,0<\/td>\n<\/tr>\n<tr>\n<td width=\"129\">Leto 2014<\/td>\n<td width=\"64\">\u00a052<\/td>\n<td width=\"63\">\u00a049<\/td>\n<td width=\"73\">\u00a03<\/td>\n<td width=\"90\">\u00a058,3<\/td>\n<\/tr>\n<tr>\n<td width=\"129\">Leto 2015<\/td>\n<td width=\"64\">\u00a053<\/td>\n<td width=\"63\">\u00a050<\/td>\n<td width=\"73\">\u00a03<\/td>\n<td width=\"90\">\u00a058,5<\/td>\n<\/tr>\n<tr>\n<td width=\"129\">Leto 2016<\/td>\n<td width=\"64\">\u00a053<\/td>\n<td width=\"63\">48<\/td>\n<td width=\"73\">\u00a03<\/td>\n<td width=\"90\">58,0<\/td>\n<\/tr>\n<tr>\n<td width=\"129\">Leto 2017<\/td>\n<td width=\"64\">\u00a051<\/td>\n<td width=\"63\">48<\/td>\n<td width=\"73\">\u00a03<\/td>\n<td width=\"90\">57,2<\/td>\n<\/tr>\n<tr>\n<td width=\"129\">Leto 2018<\/td>\n<td width=\"64\">\u00a052<\/td>\n<td width=\"63\">\u00a049<\/td>\n<td width=\"73\">\u00a03<\/td>\n<td width=\"90\">56,8<\/td>\n<\/tr>\n<tr>\n<td width=\"129\">Leto 2019<\/td>\n<td width=\"64\">\u00a052<\/td>\n<td width=\"63\">\u00a049<\/td>\n<td width=\"73\">\u00a03<\/td>\n<td width=\"90\">57,2<\/td>\n<\/tr>\n<tr>\n<td width=\"129\">Leto 2020<\/td>\n<td width=\"64\">53<\/td>\n<td width=\"63\">49<\/td>\n<td width=\"73\">\u00a04<\/td>\n<td width=\"90\">57,3<\/td>\n<\/tr>\n<tr>\n<td width=\"129\">Leto 2021<\/td>\n<td width=\"64\">53<\/td>\n<td width=\"63\">49<\/td>\n<td width=\"73\">4<\/td>\n<td width=\"90\">56,8<\/td>\n<\/tr>\n<\/tbody>\n<\/table>\n<p><em>Vir: Lisjak<\/em><\/p>\n<p>&nbsp;<\/p>\n<p><a href=\"http:\/\/www.ld-velikelasce.si\/wp-content\/uploads\/2022\/02\/Grafikon1_Povpr.starost-LD.png\"><img loading=\"lazy\" decoding=\"async\" class=\"aligncenter size-full wp-image-992\" src=\"http:\/\/www.ld-velikelasce.si\/wp-content\/uploads\/2022\/02\/Grafikon1_Povpr.starost-LD.png\" alt=\"Grafikon1_Povpr.starost LD\" width=\"752\" height=\"452\" srcset=\"http:\/\/www.ld-velikelasce.si\/wp-content\/uploads\/2022\/02\/Grafikon1_Povpr.starost-LD.png 752w, http:\/\/www.ld-velikelasce.si\/wp-content\/uploads\/2022\/02\/Grafikon1_Povpr.starost-LD-300x180.png 300w, http:\/\/www.ld-velikelasce.si\/wp-content\/uploads\/2022\/02\/Grafikon1_Povpr.starost-LD-619x372.png 619w\" sizes=\"(max-width: 752px) 100vw, 752px\" \/><\/a><\/p>\n<p style=\"text-align: center;\">Vir: Lisjak<\/p>\n<p style=\"text-align: left;\">\n","protected":false},"excerpt":{"rendered":"<p>&nbsp; Tabela : \u010clanstvo, spolna sestava, povpre\u010dna starost in novi \u010dlani Datum &#8211; zadnji dan leta Skupaj Mo\u0161ki \u017denske Povpre\u010dna starost (let) Leto 2011 \u00a050 \u00a047 \u00a03 \u00a060,7 Leto 2012 \u00a052 \u00a049 \u00a03 \u00a059,0 Leto 2013 \u00a054 \u00a051 \u00a03 \u00a058,0 Leto 2014 \u00a052 \u00a049 \u00a03 \u00a058,3 Leto 2015 \u00a053 \u00a050 \u00a03 \u00a058,5 Leto 2016 \u00a053 [&hellip;]<\/p>\n","protected":false},"author":1,"featured_media":0,"parent":0,"menu_order":0,"comment_status":"closed","ping_status":"closed","template":"","meta":{"footnotes":""},"_links":{"self":[{"href":"http:\/\/www.ld-velikelasce.si\/index.php?rest_route=\/wp\/v2\/pages\/989"}],"collection":[{"href":"http:\/\/www.ld-velikelasce.si\/index.php?rest_route=\/wp\/v2\/pages"}],"about":[{"href":"http:\/\/www.ld-velikelasce.si\/index.php?rest_route=\/wp\/v2\/types\/page"}],"author":[{"embeddable":true,"href":"http:\/\/www.ld-velikelasce.si\/index.php?rest_route=\/wp\/v2\/users\/1"}],"replies":[{"embeddable":true,"href":"http:\/\/www.ld-velikelasce.si\/index.php?rest_route=%2Fwp%2Fv2%2Fcomments&post=989"}],"version-history":[{"count":7,"href":"http:\/\/www.ld-velikelasce.si\/index.php?rest_route=\/wp\/v2\/pages\/989\/revisions"}],"predecessor-version":[{"id":1049,"href":"http:\/\/www.ld-velikelasce.si\/index.php?rest_route=\/wp\/v2\/pages\/989\/revisions\/1049"}],"wp:attachment":[{"href":"http:\/\/www.ld-velikelasce.si\/index.php?rest_route=%2Fwp%2Fv2%2Fmedia&parent=989"}],"curies":[{"name":"wp","href":"https:\/\/api.w.org\/{rel}","templated":true}]}}